{"id":4828,"date":"2026-04-10T11:52:06","date_gmt":"2026-04-10T11:52:06","guid":{"rendered":"https:\/\/szitakotokreativsuli.hu\/?post_type=product&#038;p=4828"},"modified":"2026-04-10T12:04:35","modified_gmt":"2026-04-10T12:04:35","slug":"ajandekkartya","status":"publish","type":"product","link":"https:\/\/szitakotokreativsuli.hu\/en\/product\/ajandekkartya\/","title":{"rendered":"BALLAG\u00c1SI AJ\u00c1ND\u00c9KK\u00c1RTYA"},"content":{"rendered":"<p><b>A flexible, personalised surprise from Szitak\u00f6t\u0151 Creative School in the amount of your choice<\/b><b><br \/>\n<\/b><span style=\"font-weight: 400;\">Redeemable for any of our courses and easy to claim<\/span><\/p>\n<p><b>How does the gift card work?<\/b><\/p>\n<ul>\n<li>Value minimum 5 000 Ft.<\/li>\n<\/ul>\n<p><b>Fizet\u00e9s bankk\u00e1rty\u00e1val vagy utal\u00e1ssal<\/b><\/p>\n<p>Az aj\u00e1nd\u00e9kk\u00e1rtya ellen\u00e9rt\u00e9k\u00e9t bankk\u00e1rty\u00e1s fizet\u00e9s mellett banki \u00e1tutal\u00e1ssal is tudod rendezni. Ut\u00f3bbi eset\u00e9n az al\u00e1bbi adatokat kell megadnod az utal\u00e1sn\u00e1l:<\/p>\n<ul>\n<li><i>Beneficiary: \u201e<\/i>CSERESZNYEFA UTCA\u201d Ltd<\/li>\n<li><i>Account number:\u00a0<\/i>1173315-01078901<\/li>\n<li><i>Press release:\u00a0<\/i>Sewn gift card + name of the recipient<\/li>\n<\/ul>\n<p><b>Where can it be used?<\/b><\/p>\n<p>The gift card can be redeemed for any of our courses or programmes.<i><br \/>\n<\/i><i><br \/>\n<\/i><b>You can ask for a gift card:<\/b><\/p>\n<p>by post or by e-mail in digital format.<\/p>\n<p><b>The following information will be required for invoicing:\u00a0<\/b><\/p>\n<ul>\n<li>name of customer<\/li>\n<li>name of the donee<\/li>\n<li>mailing address (if you request it by post)<\/li>\n<li>e-mail address<\/li>\n<\/ul>\n<p><b>How can the recipient register?<\/b><\/p>\n<p>The recipient can choose the programme and the date they want to receive the gift at www.szitakotosuli.hu and register by e-mail at szitakotosuli@gmail.com<\/p>\n<p><b>Information on the number of seats<\/b><b><i><br \/>\n<\/i><\/b>Courses start with a minimum of 6 participants. If the group does not fill up, the booking can be rescheduled free of charge for another date or programme at least 14 days before the start date.<\/p>","protected":false},"excerpt":{"rendered":"<p>Rugalmas, szem\u00e9lyre sz\u00f3l\u00f3 meglepet\u00e9s a Szitak\u00f6t\u0151 kreat\u00edvsulit\u00f3l \u00e1ltalad v\u00e1lasztott \u00f6sszegben B\u00e1rmelyik tanfolyamunkra bev\u00e1lthat\u00f3, \u00e9s egyszer\u0171en ig\u00e9nyelhet\u0151 Hogyan m\u0171k\u00f6dik az aj\u00e1nd\u00e9kk\u00e1rtya? \u00c9rt\u00e9ke minimum 5 000 Ft. Fizet\u00e9s bankk\u00e1rty\u00e1val vagy utal\u00e1ssal Az aj\u00e1nd\u00e9kk\u00e1rtya ellen\u00e9rt\u00e9k\u00e9t bankk\u00e1rty\u00e1s fizet\u00e9s mellett banki \u00e1tutal\u00e1ssal is tudod rendezni. Ut\u00f3bbi eset\u00e9n az al\u00e1bbi adatokat kell megadnod az utal\u00e1sn\u00e1l: Kedvezm\u00e9nyezett: \u201eCSERESZNYEFA UTCA\u201d Bt Sz\u00e1mlasz\u00e1m:\u00a01173315-01078901 K\u00f6zlem\u00e9ny:\u00a0Varr\u00f3s [&hellip;]<\/p>\n","protected":false},"featured_media":4829,"template":"","meta":{"site-sidebar-layout":"default","site-content-layout":"","ast-site-content-layout":"default","site-content-style":"default","site-sidebar-style":"default","ast-global-header-display":"","ast-banner-title-visibility":"","ast-main-header-display":"","ast-hfb-above-header-display":"","ast-hfb-below-header-display":"","ast-hfb-mobile-header-display":"","site-post-title":"","ast-breadcrumbs-content":"","ast-featured-img":"","footer-sml-layout":"","ast-disable-related-posts":"","theme-transparent-header-meta":"default","adv-header-id-meta":"","stick-header-meta":"","header-above-stick-meta":"","header-main-stick-meta":"","header-below-stick-meta":"","astra-migrate-meta-layouts":"set","ast-page-background-enabled":"default","ast-page-background-meta":{"desktop":{"background-color":"var(--ast-global-color-4)","background-image":"","background-repeat":"repeat","background-position":"center center","background-size":"auto","background-attachment":"scroll","background-type":"","background-media":"","overlay-type":"","overlay-color":"","overlay-opacity":"","overlay-gradient":""},"tablet":{"background-color":"","background-image":"","background-repeat":"repeat","background-position":"center center","background-size":"auto","background-attachment":"scroll","background-type":"","background-media":"","overlay-type":"","overlay-color":"","overlay-opacity":"","overlay-gradient":""},"mobile":{"background-color":"","background-image":"","background-repeat":"repeat","background-position":"center center","background-size":"auto","background-attachment":"scroll","background-type":"","background-media":"","overlay-type":"","overlay-color":"","overlay-opacity":"","overlay-gradient":""}},"ast-content-background-meta":{"desktop":{"background-color":"var(--ast-global-color-5)","background-image":"","background-repeat":"repeat","background-position":"center center","background-size":"auto","background-attachment":"scroll","background-type":"","background-media":"","overlay-type":"","overlay-color":"","overlay-opacity":"","overlay-gradient":""},"tablet":{"background-color":"var(--ast-global-color-5)","background-image":"","background-repeat":"repeat","background-position":"center center","background-size":"auto","background-attachment":"scroll","background-type":"","background-media":"","overlay-type":"","overlay-color":"","overlay-opacity":"","overlay-gradient":""},"mobile":{"background-color":"var(--ast-global-color-5)","background-image":"","background-repeat":"repeat","background-position":"center center","background-size":"auto","background-attachment":"scroll","background-type":"","background-media":"","overlay-type":"","overlay-color":"","overlay-opacity":"","overlay-gradient":""}}},"product_brand":[],"product_cat":[32],"product_tag":[],"class_list":{"0":"post-4828","1":"product","2":"type-product","3":"status-publish","4":"has-post-thumbnail","6":"product_cat-32","7":"desktop-align-left","8":"tablet-align-left","9":"mobile-align-left","11":"first","12":"instock","13":"shipping-taxable","14":"purchasable","15":"product-type-simple"},"yoast_head":"<!-- This site is optimized with the Yoast SEO Premium plugin v27.2 (Yoast SEO v27.2) - https:\/\/yoast.com\/product\/yoast-seo-premium-wordpress\/ -->\n<title>BALLAG\u00c1SI AJ\u00c1ND\u00c9KK\u00c1RTYA - Szitak\u00f6t\u0151 kreat\u00edvsuli<\/title>\n<meta name=\"robots\" content=\"index, follow, max-snippet:-1, max-image-preview:large, max-video-preview:-1\" \/>\n<link rel=\"canonical\" href=\"https:\/\/szitakotokreativsuli.hu\/en\/product\/ajandekkartya\/\" \/>\n<meta property=\"og:locale\" content=\"en_GB\" \/>\n<meta property=\"og:type\" content=\"article\" \/>\n<meta property=\"og:title\" content=\"BALLAG\u00c1SI AJ\u00c1ND\u00c9KK\u00c1RTYA\" \/>\n<meta property=\"og:description\" content=\"Rugalmas, szem\u00e9lyre sz\u00f3l\u00f3 meglepet\u00e9s a Szitak\u00f6t\u0151 kreat\u00edvsulit\u00f3l \u00e1ltalad v\u00e1lasztott \u00f6sszegben B\u00e1rmelyik tanfolyamunkra bev\u00e1lthat\u00f3, \u00e9s egyszer\u0171en ig\u00e9nyelhet\u0151 Hogyan m\u0171k\u00f6dik az aj\u00e1nd\u00e9kk\u00e1rtya? \u00c9rt\u00e9ke minimum 5 000 Ft. Fizet\u00e9s bankk\u00e1rty\u00e1val vagy utal\u00e1ssal Az aj\u00e1nd\u00e9kk\u00e1rtya ellen\u00e9rt\u00e9k\u00e9t bankk\u00e1rty\u00e1s fizet\u00e9s mellett banki \u00e1tutal\u00e1ssal is tudod rendezni. Ut\u00f3bbi eset\u00e9n az al\u00e1bbi adatokat kell megadnod az utal\u00e1sn\u00e1l: Kedvezm\u00e9nyezett: \u201eCSERESZNYEFA UTCA\u201d Bt Sz\u00e1mlasz\u00e1m:\u00a01173315-01078901 K\u00f6zlem\u00e9ny:\u00a0Varr\u00f3s [&hellip;]\" \/>\n<meta property=\"og:url\" content=\"https:\/\/szitakotokreativsuli.hu\/en\/product\/ajandekkartya\/\" \/>\n<meta property=\"og:site_name\" content=\"Szitak\u00f6t\u0151 kreat\u00edvsuli\" \/>\n<meta property=\"article:modified_time\" content=\"2026-04-10T12:04:35+00:00\" \/>\n<meta property=\"og:image\" content=\"https:\/\/szitakotokreativsuli.hu\/wp-content\/uploads\/2026\/04\/ballagasi-kartya-webshop.png\" \/>\n\t<meta property=\"og:image:width\" content=\"1200\" \/>\n\t<meta property=\"og:image:height\" content=\"800\" \/>\n\t<meta property=\"og:image:type\" content=\"image\/png\" \/>\n<meta name=\"twitter:card\" content=\"summary_large_image\" \/>\n<meta name=\"twitter:label1\" content=\"Price\" \/>\n\t<meta name=\"twitter:data1\" content=\"5 000&nbsp;&#070;&#116;\" \/>\n\t<meta name=\"twitter:label2\" content=\"Availability\" \/>\n\t<meta name=\"twitter:data2\" content=\"In stock\" \/>\n<script type=\"application\/ld+json\" class=\"yoast-schema-graph\">{\"@context\":\"https:\/\/schema.org\",\"@graph\":[{\"@type\":\"WebPage\",\"@id\":\"https:\/\/szitakotokreativsuli.hu\/termek\/ajandekkartya\/\",\"url\":\"https:\/\/szitakotokreativsuli.hu\/termek\/ajandekkartya\/\",\"name\":\"BALLAG\u00c1SI AJ\u00c1ND\u00c9KK\u00c1RTYA - Szitak\u00f6t\u0151 kreat\u00edvsuli\",\"isPartOf\":{\"@id\":\"https:\/\/szitakotokreativsuli.hu\/#website\"},\"primaryImageOfPage\":{\"@id\":\"https:\/\/szitakotokreativsuli.hu\/termek\/ajandekkartya\/#primaryimage\"},\"image\":{\"@id\":\"https:\/\/szitakotokreativsuli.hu\/termek\/ajandekkartya\/#primaryimage\"},\"thumbnailUrl\":\"https:\/\/szitakotokreativsuli.hu\/wp-content\/uploads\/2026\/04\/ballagasi-kartya-webshop.png\",\"datePublished\":\"2026-04-10T11:52:06+00:00\",\"dateModified\":\"2026-04-10T12:04:35+00:00\",\"breadcrumb\":{\"@id\":\"https:\/\/szitakotokreativsuli.hu\/termek\/ajandekkartya\/#breadcrumb\"},\"inLanguage\":\"en-GB\",\"potentialAction\":[{\"@type\":\"ReadAction\",\"target\":[\"https:\/\/szitakotokreativsuli.hu\/termek\/ajandekkartya\/\"]}]},{\"@type\":\"ImageObject\",\"inLanguage\":\"en-GB\",\"@id\":\"https:\/\/szitakotokreativsuli.hu\/termek\/ajandekkartya\/#primaryimage\",\"url\":\"https:\/\/szitakotokreativsuli.hu\/wp-content\/uploads\/2026\/04\/ballagasi-kartya-webshop.png\",\"contentUrl\":\"https:\/\/szitakotokreativsuli.hu\/wp-content\/uploads\/2026\/04\/ballagasi-kartya-webshop.png\",\"width\":1200,\"height\":800,\"caption\":\"Aj\u00e1nd\u00e9kk\u00e1rtya varr\u00f3tanfolyamra \u2013 \u00e9lm\u00e9ny \u00e9s tud\u00e1s egyben\"},{\"@type\":\"BreadcrumbList\",\"@id\":\"https:\/\/szitakotokreativsuli.hu\/termek\/ajandekkartya\/#breadcrumb\",\"itemListElement\":[{\"@type\":\"ListItem\",\"position\":1,\"name\":\"Kezd\u0151lap\",\"item\":\"https:\/\/szitakotokreativsuli.hu\/\"},{\"@type\":\"ListItem\",\"position\":2,\"name\":\"Shop\",\"item\":\"https:\/\/szitakotokreativsuli.hu\/shop-2\/\"},{\"@type\":\"ListItem\",\"position\":3,\"name\":\"BALLAG\u00c1SI AJ\u00c1ND\u00c9KK\u00c1RTYA\"}]},{\"@type\":\"WebSite\",\"@id\":\"https:\/\/szitakotokreativsuli.hu\/#website\",\"url\":\"https:\/\/szitakotokreativsuli.hu\/\",\"name\":\"Szitak\u00f6t\u0151 kreat\u00edvsuli\",\"description\":\"Szitak\u00f6t\u0151 kreat\u00edvsuli\",\"publisher\":{\"@id\":\"https:\/\/szitakotokreativsuli.hu\/#organization\"},\"potentialAction\":[{\"@type\":\"SearchAction\",\"target\":{\"@type\":\"EntryPoint\",\"urlTemplate\":\"https:\/\/szitakotokreativsuli.hu\/?s={search_term_string}\"},\"query-input\":{\"@type\":\"PropertyValueSpecification\",\"valueRequired\":true,\"valueName\":\"search_term_string\"}}],\"inLanguage\":\"en-GB\"},{\"@type\":\"Organization\",\"@id\":\"https:\/\/szitakotokreativsuli.hu\/#organization\",\"name\":\"Szitak\u00f6t\u0151 kreat\u00edvsuli\",\"url\":\"https:\/\/szitakotokreativsuli.hu\/\",\"logo\":{\"@type\":\"ImageObject\",\"inLanguage\":\"en-GB\",\"@id\":\"https:\/\/szitakotokreativsuli.hu\/#\/schema\/logo\/image\/\",\"url\":\"https:\/\/szitakotokreativsuli.hu\/wp-content\/uploads\/2025\/12\/cropped-cropped-Kepernyokep-2025-12-18-180542-1.png\",\"contentUrl\":\"https:\/\/szitakotokreativsuli.hu\/wp-content\/uploads\/2025\/12\/cropped-cropped-Kepernyokep-2025-12-18-180542-1.png\",\"width\":512,\"height\":512,\"caption\":\"Szitak\u00f6t\u0151 kreat\u00edvsuli\"},\"image\":{\"@id\":\"https:\/\/szitakotokreativsuli.hu\/#\/schema\/logo\/image\/\"}}]}<\/script>\n<meta property=\"product:price:amount\" content=\"5000\" \/>\n<meta property=\"product:price:currency\" content=\"HUF\" \/>\n<meta property=\"og:availability\" content=\"instock\" \/>\n<meta property=\"product:availability\" content=\"instock\" \/>\n<meta property=\"product:condition\" content=\"new\" \/>\n<!-- \/ Yoast SEO Premium plugin. -->","yoast_head_json":{"title":"BALLAG\u00c1SI AJ\u00c1ND\u00c9KK\u00c1RTYA - Szitak\u00f6t\u0151 kreat\u00edvsuli","robots":{"index":"index","follow":"follow","max-snippet":"max-snippet:-1","max-image-preview":"max-image-preview:large","max-video-preview":"max-video-preview:-1"},"canonical":"https:\/\/szitakotokreativsuli.hu\/en\/product\/ajandekkartya\/","og_locale":"en_GB","og_type":"article","og_title":"BALLAG\u00c1SI AJ\u00c1ND\u00c9KK\u00c1RTYA","og_description":"Rugalmas, szem\u00e9lyre sz\u00f3l\u00f3 meglepet\u00e9s a Szitak\u00f6t\u0151 kreat\u00edvsulit\u00f3l \u00e1ltalad v\u00e1lasztott \u00f6sszegben B\u00e1rmelyik tanfolyamunkra bev\u00e1lthat\u00f3, \u00e9s egyszer\u0171en ig\u00e9nyelhet\u0151 Hogyan m\u0171k\u00f6dik az aj\u00e1nd\u00e9kk\u00e1rtya? \u00c9rt\u00e9ke minimum 5 000 Ft. Fizet\u00e9s bankk\u00e1rty\u00e1val vagy utal\u00e1ssal Az aj\u00e1nd\u00e9kk\u00e1rtya ellen\u00e9rt\u00e9k\u00e9t bankk\u00e1rty\u00e1s fizet\u00e9s mellett banki \u00e1tutal\u00e1ssal is tudod rendezni. Ut\u00f3bbi eset\u00e9n az al\u00e1bbi adatokat kell megadnod az utal\u00e1sn\u00e1l: Kedvezm\u00e9nyezett: \u201eCSERESZNYEFA UTCA\u201d Bt Sz\u00e1mlasz\u00e1m:\u00a01173315-01078901 K\u00f6zlem\u00e9ny:\u00a0Varr\u00f3s [&hellip;]","og_url":"https:\/\/szitakotokreativsuli.hu\/en\/product\/ajandekkartya\/","og_site_name":"Szitak\u00f6t\u0151 kreat\u00edvsuli","article_modified_time":"2026-04-10T12:04:35+00:00","og_image":[{"width":1200,"height":800,"url":"https:\/\/szitakotokreativsuli.hu\/wp-content\/uploads\/2026\/04\/ballagasi-kartya-webshop.png","type":"image\/png"}],"twitter_card":"summary_large_image","twitter_misc":{"Price":"5 000&nbsp;&#70;&#116;","Availability":"In stock"},"schema":{"@context":"https:\/\/schema.org","@graph":[{"@type":"WebPage","@id":"https:\/\/szitakotokreativsuli.hu\/termek\/ajandekkartya\/","url":"https:\/\/szitakotokreativsuli.hu\/termek\/ajandekkartya\/","name":"BALLAG\u00c1SI AJ\u00c1ND\u00c9KK\u00c1RTYA - Szitak\u00f6t\u0151 kreat\u00edvsuli","isPartOf":{"@id":"https:\/\/szitakotokreativsuli.hu\/#website"},"primaryImageOfPage":{"@id":"https:\/\/szitakotokreativsuli.hu\/termek\/ajandekkartya\/#primaryimage"},"image":{"@id":"https:\/\/szitakotokreativsuli.hu\/termek\/ajandekkartya\/#primaryimage"},"thumbnailUrl":"https:\/\/szitakotokreativsuli.hu\/wp-content\/uploads\/2026\/04\/ballagasi-kartya-webshop.png","datePublished":"2026-04-10T11:52:06+00:00","dateModified":"2026-04-10T12:04:35+00:00","breadcrumb":{"@id":"https:\/\/szitakotokreativsuli.hu\/termek\/ajandekkartya\/#breadcrumb"},"inLanguage":"en-GB","potentialAction":[{"@type":"ReadAction","target":["https:\/\/szitakotokreativsuli.hu\/termek\/ajandekkartya\/"]}]},{"@type":"ImageObject","inLanguage":"en-GB","@id":"https:\/\/szitakotokreativsuli.hu\/termek\/ajandekkartya\/#primaryimage","url":"https:\/\/szitakotokreativsuli.hu\/wp-content\/uploads\/2026\/04\/ballagasi-kartya-webshop.png","contentUrl":"https:\/\/szitakotokreativsuli.hu\/wp-content\/uploads\/2026\/04\/ballagasi-kartya-webshop.png","width":1200,"height":800,"caption":"Aj\u00e1nd\u00e9kk\u00e1rtya varr\u00f3tanfolyamra \u2013 \u00e9lm\u00e9ny \u00e9s tud\u00e1s egyben"},{"@type":"BreadcrumbList","@id":"https:\/\/szitakotokreativsuli.hu\/termek\/ajandekkartya\/#breadcrumb","itemListElement":[{"@type":"ListItem","position":1,"name":"Kezd\u0151lap","item":"https:\/\/szitakotokreativsuli.hu\/"},{"@type":"ListItem","position":2,"name":"Shop","item":"https:\/\/szitakotokreativsuli.hu\/shop-2\/"},{"@type":"ListItem","position":3,"name":"BALLAG\u00c1SI AJ\u00c1ND\u00c9KK\u00c1RTYA"}]},{"@type":"WebSite","@id":"https:\/\/szitakotokreativsuli.hu\/#website","url":"https:\/\/szitakotokreativsuli.hu\/","name":"Szitak\u00f6t\u0151 creative school","description":"Szitak\u00f6t\u0151 creative school","publisher":{"@id":"https:\/\/szitakotokreativsuli.hu\/#organization"},"potentialAction":[{"@type":"SearchAction","target":{"@type":"EntryPoint","urlTemplate":"https:\/\/szitakotokreativsuli.hu\/?s={search_term_string}"},"query-input":{"@type":"PropertyValueSpecification","valueRequired":true,"valueName":"search_term_string"}}],"inLanguage":"en-GB"},{"@type":"Organization","@id":"https:\/\/szitakotokreativsuli.hu\/#organization","name":"Szitak\u00f6t\u0151 creative school","url":"https:\/\/szitakotokreativsuli.hu\/","logo":{"@type":"ImageObject","inLanguage":"en-GB","@id":"https:\/\/szitakotokreativsuli.hu\/#\/schema\/logo\/image\/","url":"https:\/\/szitakotokreativsuli.hu\/wp-content\/uploads\/2025\/12\/cropped-cropped-Kepernyokep-2025-12-18-180542-1.png","contentUrl":"https:\/\/szitakotokreativsuli.hu\/wp-content\/uploads\/2025\/12\/cropped-cropped-Kepernyokep-2025-12-18-180542-1.png","width":512,"height":512,"caption":"Szitak\u00f6t\u0151 kreat\u00edvsuli"},"image":{"@id":"https:\/\/szitakotokreativsuli.hu\/#\/schema\/logo\/image\/"}}]},"product_price_amount":"5000","product_price_currency":"HUF","og_availability":"instock","product_availability":"instock","product_condition":"new"},"_links":{"self":[{"href":"https:\/\/szitakotokreativsuli.hu\/en\/wp-json\/wp\/v2\/product\/4828","targetHints":{"allow":["GET"]}}],"collection":[{"href":"https:\/\/szitakotokreativsuli.hu\/en\/wp-json\/wp\/v2\/product"}],"about":[{"href":"https:\/\/szitakotokreativsuli.hu\/en\/wp-json\/wp\/v2\/types\/product"}],"version-history":[{"count":3,"href":"https:\/\/szitakotokreativsuli.hu\/en\/wp-json\/wp\/v2\/product\/4828\/revisions"}],"predecessor-version":[{"id":4832,"href":"https:\/\/szitakotokreativsuli.hu\/en\/wp-json\/wp\/v2\/product\/4828\/revisions\/4832"}],"wp:featuredmedia":[{"embeddable":true,"href":"https:\/\/szitakotokreativsuli.hu\/en\/wp-json\/wp\/v2\/media\/4829"}],"wp:attachment":[{"href":"https:\/\/szitakotokreativsuli.hu\/en\/wp-json\/wp\/v2\/media?parent=4828"}],"wp:term":[{"taxonomy":"product_brand","embeddable":true,"href":"https:\/\/szitakotokreativsuli.hu\/en\/wp-json\/wp\/v2\/product_brand?post=4828"},{"taxonomy":"product_cat","embeddable":true,"href":"https:\/\/szitakotokreativsuli.hu\/en\/wp-json\/wp\/v2\/product_cat?post=4828"},{"taxonomy":"product_tag","embeddable":true,"href":"https:\/\/szitakotokreativsuli.hu\/en\/wp-json\/wp\/v2\/product_tag?post=4828"}],"curies":[{"name":"wp","href":"https:\/\/api.w.org\/{rel}","templated":true}]}}