{"id":1764,"date":"2025-12-13T10:53:23","date_gmt":"2025-12-13T10:53:23","guid":{"rendered":"https:\/\/szitakotokreativsuli.hu\/?post_type=product&#038;p=1764"},"modified":"2025-12-13T10:53:23","modified_gmt":"2025-12-13T10:53:23","slug":"keszits-plusst-varros-varazscsomag","status":"publish","type":"product","link":"https:\/\/szitakotokreativsuli.hu\/en\/product\/keszits-plusst-varros-varazscsomag\/","title":{"rendered":"MAKE A PLUSH! - SEWING MAGIC KIT"},"content":{"rendered":"","protected":false},"excerpt":{"rendered":"","protected":false},"featured_media":1765,"template":"","meta":{"site-sidebar-layout":"default","site-content-layout":"","ast-site-content-layout":"default","site-content-style":"default","site-sidebar-style":"default","ast-global-header-display":"","ast-banner-title-visibility":"","ast-main-header-display":"","ast-hfb-above-header-display":"","ast-hfb-below-header-display":"","ast-hfb-mobile-header-display":"","site-post-title":"","ast-breadcrumbs-content":"","ast-featured-img":"","footer-sml-layout":"","ast-disable-related-posts":"","theme-transparent-header-meta":"default","adv-header-id-meta":"","stick-header-meta":"","header-above-stick-meta":"","header-main-stick-meta":"","header-below-stick-meta":"","astra-migrate-meta-layouts":"set","ast-page-background-enabled":"default","ast-page-background-meta":{"desktop":{"background-color":"var(--ast-global-color-4)","background-image":"","background-repeat":"repeat","background-position":"center center","background-size":"auto","background-attachment":"scroll","background-type":"","background-media":"","overlay-type":"","overlay-color":"","overlay-opacity":"","overlay-gradient":""},"tablet":{"background-color":"","background-image":"","background-repeat":"repeat","background-position":"center center","background-size":"auto","background-attachment":"scroll","background-type":"","background-media":"","overlay-type":"","overlay-color":"","overlay-opacity":"","overlay-gradient":""},"mobile":{"background-color":"","background-image":"","background-repeat":"repeat","background-position":"center center","background-size":"auto","background-attachment":"scroll","background-type":"","background-media":"","overlay-type":"","overlay-color":"","overlay-opacity":"","overlay-gradient":""}},"ast-content-background-meta":{"desktop":{"background-color":"var(--ast-global-color-5)","background-image":"","background-repeat":"repeat","background-position":"center center","background-size":"auto","background-attachment":"scroll","background-type":"","background-media":"","overlay-type":"","overlay-color":"","overlay-opacity":"","overlay-gradient":""},"tablet":{"background-color":"var(--ast-global-color-5)","background-image":"","background-repeat":"repeat","background-position":"center center","background-size":"auto","background-attachment":"scroll","background-type":"","background-media":"","overlay-type":"","overlay-color":"","overlay-opacity":"","overlay-gradient":""},"mobile":{"background-color":"var(--ast-global-color-5)","background-image":"","background-repeat":"repeat","background-position":"center center","background-size":"auto","background-attachment":"scroll","background-type":"","background-media":"","overlay-type":"","overlay-color":"","overlay-opacity":"","overlay-gradient":""}}},"product_brand":[],"product_cat":[32],"product_tag":[],"class_list":{"0":"post-1764","1":"product","2":"type-product","3":"status-publish","4":"has-post-thumbnail","6":"product_cat-32","7":"desktop-align-left","8":"tablet-align-left","9":"mobile-align-left","11":"first","12":"instock","13":"shipping-taxable","14":"product-type-simple"},"yoast_head":"<!-- This site is optimized with the Yoast SEO Premium plugin v27.2 (Yoast SEO v27.2) - https:\/\/yoast.com\/product\/yoast-seo-premium-wordpress\/ -->\n<title>K\u00c9SZ\u00cdTS PL\u00dcSST! \u2013 VARR\u00d3S VAR\u00c1ZSCSOMAG - Szitak\u00f6t\u0151 kreat\u00edvsuli<\/title>\n<meta name=\"robots\" content=\"index, follow, max-snippet:-1, max-image-preview:large, max-video-preview:-1\" \/>\n<link rel=\"canonical\" href=\"https:\/\/szitakotokreativsuli.hu\/en\/product\/keszits-plusst-varros-varazscsomag\/\" \/>\n<meta property=\"og:locale\" content=\"en_GB\" \/>\n<meta property=\"og:type\" content=\"article\" \/>\n<meta property=\"og:title\" content=\"K\u00c9SZ\u00cdTS PL\u00dcSST! \u2013 VARR\u00d3S VAR\u00c1ZSCSOMAG\" \/>\n<meta property=\"og:url\" content=\"https:\/\/szitakotokreativsuli.hu\/en\/product\/keszits-plusst-varros-varazscsomag\/\" \/>\n<meta property=\"og:site_name\" content=\"Szitak\u00f6t\u0151 kreat\u00edvsuli\" \/>\n<meta property=\"og:image\" content=\"https:\/\/szitakotokreativsuli.hu\/wp-content\/uploads\/2025\/12\/Hamarosan.png\" \/>\n\t<meta property=\"og:image:width\" content=\"1200\" \/>\n\t<meta property=\"og:image:height\" content=\"800\" \/>\n\t<meta property=\"og:image:type\" content=\"image\/png\" \/>\n<meta name=\"twitter:card\" content=\"summary_large_image\" \/>\n<meta name=\"twitter:label1\" content=\"Price\" \/>\n\t<meta name=\"twitter:data1\" content=\"\" \/>\n\t<meta name=\"twitter:label2\" content=\"Availability\" \/>\n\t<meta name=\"twitter:data2\" content=\"In stock\" \/>\n<script type=\"application\/ld+json\" class=\"yoast-schema-graph\">{\"@context\":\"https:\/\/schema.org\",\"@graph\":[{\"@type\":\"WebPage\",\"@id\":\"https:\/\/szitakotokreativsuli.hu\/termek\/keszits-plusst-varros-varazscsomag\/\",\"url\":\"https:\/\/szitakotokreativsuli.hu\/termek\/keszits-plusst-varros-varazscsomag\/\",\"name\":\"K\u00c9SZ\u00cdTS PL\u00dcSST! \u2013 VARR\u00d3S VAR\u00c1ZSCSOMAG - Szitak\u00f6t\u0151 kreat\u00edvsuli\",\"isPartOf\":{\"@id\":\"https:\/\/szitakotokreativsuli.hu\/#website\"},\"primaryImageOfPage\":{\"@id\":\"https:\/\/szitakotokreativsuli.hu\/termek\/keszits-plusst-varros-varazscsomag\/#primaryimage\"},\"image\":{\"@id\":\"https:\/\/szitakotokreativsuli.hu\/termek\/keszits-plusst-varros-varazscsomag\/#primaryimage\"},\"thumbnailUrl\":\"https:\/\/szitakotokreativsuli.hu\/wp-content\/uploads\/2025\/12\/Hamarosan.png\",\"datePublished\":\"2025-12-13T10:53:23+00:00\",\"breadcrumb\":{\"@id\":\"https:\/\/szitakotokreativsuli.hu\/termek\/keszits-plusst-varros-varazscsomag\/#breadcrumb\"},\"inLanguage\":\"en-GB\",\"potentialAction\":[{\"@type\":\"ReadAction\",\"target\":[\"https:\/\/szitakotokreativsuli.hu\/termek\/keszits-plusst-varros-varazscsomag\/\"]}]},{\"@type\":\"ImageObject\",\"inLanguage\":\"en-GB\",\"@id\":\"https:\/\/szitakotokreativsuli.hu\/termek\/keszits-plusst-varros-varazscsomag\/#primaryimage\",\"url\":\"https:\/\/szitakotokreativsuli.hu\/wp-content\/uploads\/2025\/12\/Hamarosan.png\",\"contentUrl\":\"https:\/\/szitakotokreativsuli.hu\/wp-content\/uploads\/2025\/12\/Hamarosan.png\",\"width\":1200,\"height\":800,\"caption\":\"Varr\u00f3 start pack\"},{\"@type\":\"BreadcrumbList\",\"@id\":\"https:\/\/szitakotokreativsuli.hu\/termek\/keszits-plusst-varros-varazscsomag\/#breadcrumb\",\"itemListElement\":[{\"@type\":\"ListItem\",\"position\":1,\"name\":\"Kezd\u0151lap\",\"item\":\"https:\/\/szitakotokreativsuli.hu\/\"},{\"@type\":\"ListItem\",\"position\":2,\"name\":\"Shop\",\"item\":\"https:\/\/szitakotokreativsuli.hu\/shop-2\/\"},{\"@type\":\"ListItem\",\"position\":3,\"name\":\"K\u00c9SZ\u00cdTS PL\u00dcSST! \u2013 VARR\u00d3S VAR\u00c1ZSCSOMAG\"}]},{\"@type\":\"WebSite\",\"@id\":\"https:\/\/szitakotokreativsuli.hu\/#website\",\"url\":\"https:\/\/szitakotokreativsuli.hu\/\",\"name\":\"Szitak\u00f6t\u0151 kreat\u00edvsuli\",\"description\":\"Szitak\u00f6t\u0151 kreat\u00edvsuli\",\"publisher\":{\"@id\":\"https:\/\/szitakotokreativsuli.hu\/#organization\"},\"potentialAction\":[{\"@type\":\"SearchAction\",\"target\":{\"@type\":\"EntryPoint\",\"urlTemplate\":\"https:\/\/szitakotokreativsuli.hu\/?s={search_term_string}\"},\"query-input\":{\"@type\":\"PropertyValueSpecification\",\"valueRequired\":true,\"valueName\":\"search_term_string\"}}],\"inLanguage\":\"en-GB\"},{\"@type\":\"Organization\",\"@id\":\"https:\/\/szitakotokreativsuli.hu\/#organization\",\"name\":\"Szitak\u00f6t\u0151 kreat\u00edvsuli\",\"url\":\"https:\/\/szitakotokreativsuli.hu\/\",\"logo\":{\"@type\":\"ImageObject\",\"inLanguage\":\"en-GB\",\"@id\":\"https:\/\/szitakotokreativsuli.hu\/#\/schema\/logo\/image\/\",\"url\":\"https:\/\/szitakotokreativsuli.hu\/wp-content\/uploads\/2025\/12\/cropped-cropped-Kepernyokep-2025-12-18-180542-1.png\",\"contentUrl\":\"https:\/\/szitakotokreativsuli.hu\/wp-content\/uploads\/2025\/12\/cropped-cropped-Kepernyokep-2025-12-18-180542-1.png\",\"width\":512,\"height\":512,\"caption\":\"Szitak\u00f6t\u0151 kreat\u00edvsuli\"},\"image\":{\"@id\":\"https:\/\/szitakotokreativsuli.hu\/#\/schema\/logo\/image\/\"}}]}<\/script>\n<meta property=\"product:price:currency\" content=\"HUF\" \/>\n<meta property=\"og:availability\" content=\"instock\" \/>\n<meta property=\"product:availability\" content=\"instock\" \/>\n<meta property=\"product:condition\" content=\"new\" \/>\n<!-- \/ Yoast SEO Premium plugin. -->","yoast_head_json":{"title":"K\u00c9SZ\u00cdTS PL\u00dcSST! \u2013 VARR\u00d3S VAR\u00c1ZSCSOMAG - Szitak\u00f6t\u0151 kreat\u00edvsuli","robots":{"index":"index","follow":"follow","max-snippet":"max-snippet:-1","max-image-preview":"max-image-preview:large","max-video-preview":"max-video-preview:-1"},"canonical":"https:\/\/szitakotokreativsuli.hu\/en\/product\/keszits-plusst-varros-varazscsomag\/","og_locale":"en_GB","og_type":"article","og_title":"K\u00c9SZ\u00cdTS PL\u00dcSST! \u2013 VARR\u00d3S VAR\u00c1ZSCSOMAG","og_url":"https:\/\/szitakotokreativsuli.hu\/en\/product\/keszits-plusst-varros-varazscsomag\/","og_site_name":"Szitak\u00f6t\u0151 kreat\u00edvsuli","og_image":[{"width":1200,"height":800,"url":"https:\/\/szitakotokreativsuli.hu\/wp-content\/uploads\/2025\/12\/Hamarosan.png","type":"image\/png"}],"twitter_card":"summary_large_image","twitter_misc":{"Price":"","Availability":"In stock"},"schema":{"@context":"https:\/\/schema.org","@graph":[{"@type":"WebPage","@id":"https:\/\/szitakotokreativsuli.hu\/termek\/keszits-plusst-varros-varazscsomag\/","url":"https:\/\/szitakotokreativsuli.hu\/termek\/keszits-plusst-varros-varazscsomag\/","name":"K\u00c9SZ\u00cdTS PL\u00dcSST! \u2013 VARR\u00d3S VAR\u00c1ZSCSOMAG - Szitak\u00f6t\u0151 kreat\u00edvsuli","isPartOf":{"@id":"https:\/\/szitakotokreativsuli.hu\/#website"},"primaryImageOfPage":{"@id":"https:\/\/szitakotokreativsuli.hu\/termek\/keszits-plusst-varros-varazscsomag\/#primaryimage"},"image":{"@id":"https:\/\/szitakotokreativsuli.hu\/termek\/keszits-plusst-varros-varazscsomag\/#primaryimage"},"thumbnailUrl":"https:\/\/szitakotokreativsuli.hu\/wp-content\/uploads\/2025\/12\/Hamarosan.png","datePublished":"2025-12-13T10:53:23+00:00","breadcrumb":{"@id":"https:\/\/szitakotokreativsuli.hu\/termek\/keszits-plusst-varros-varazscsomag\/#breadcrumb"},"inLanguage":"en-GB","potentialAction":[{"@type":"ReadAction","target":["https:\/\/szitakotokreativsuli.hu\/termek\/keszits-plusst-varros-varazscsomag\/"]}]},{"@type":"ImageObject","inLanguage":"en-GB","@id":"https:\/\/szitakotokreativsuli.hu\/termek\/keszits-plusst-varros-varazscsomag\/#primaryimage","url":"https:\/\/szitakotokreativsuli.hu\/wp-content\/uploads\/2025\/12\/Hamarosan.png","contentUrl":"https:\/\/szitakotokreativsuli.hu\/wp-content\/uploads\/2025\/12\/Hamarosan.png","width":1200,"height":800,"caption":"Varr\u00f3 start pack"},{"@type":"BreadcrumbList","@id":"https:\/\/szitakotokreativsuli.hu\/termek\/keszits-plusst-varros-varazscsomag\/#breadcrumb","itemListElement":[{"@type":"ListItem","position":1,"name":"Kezd\u0151lap","item":"https:\/\/szitakotokreativsuli.hu\/"},{"@type":"ListItem","position":2,"name":"Shop","item":"https:\/\/szitakotokreativsuli.hu\/shop-2\/"},{"@type":"ListItem","position":3,"name":"K\u00c9SZ\u00cdTS PL\u00dcSST! \u2013 VARR\u00d3S VAR\u00c1ZSCSOMAG"}]},{"@type":"WebSite","@id":"https:\/\/szitakotokreativsuli.hu\/#website","url":"https:\/\/szitakotokreativsuli.hu\/","name":"Szitak\u00f6t\u0151 creative school","description":"Szitak\u00f6t\u0151 creative school","publisher":{"@id":"https:\/\/szitakotokreativsuli.hu\/#organization"},"potentialAction":[{"@type":"SearchAction","target":{"@type":"EntryPoint","urlTemplate":"https:\/\/szitakotokreativsuli.hu\/?s={search_term_string}"},"query-input":{"@type":"PropertyValueSpecification","valueRequired":true,"valueName":"search_term_string"}}],"inLanguage":"en-GB"},{"@type":"Organization","@id":"https:\/\/szitakotokreativsuli.hu\/#organization","name":"Szitak\u00f6t\u0151 creative school","url":"https:\/\/szitakotokreativsuli.hu\/","logo":{"@type":"ImageObject","inLanguage":"en-GB","@id":"https:\/\/szitakotokreativsuli.hu\/#\/schema\/logo\/image\/","url":"https:\/\/szitakotokreativsuli.hu\/wp-content\/uploads\/2025\/12\/cropped-cropped-Kepernyokep-2025-12-18-180542-1.png","contentUrl":"https:\/\/szitakotokreativsuli.hu\/wp-content\/uploads\/2025\/12\/cropped-cropped-Kepernyokep-2025-12-18-180542-1.png","width":512,"height":512,"caption":"Szitak\u00f6t\u0151 kreat\u00edvsuli"},"image":{"@id":"https:\/\/szitakotokreativsuli.hu\/#\/schema\/logo\/image\/"}}]},"product_price_currency":"HUF","og_availability":"instock","product_availability":"instock","product_condition":"new"},"_links":{"self":[{"href":"https:\/\/szitakotokreativsuli.hu\/en\/wp-json\/wp\/v2\/product\/1764","targetHints":{"allow":["GET"]}}],"collection":[{"href":"https:\/\/szitakotokreativsuli.hu\/en\/wp-json\/wp\/v2\/product"}],"about":[{"href":"https:\/\/szitakotokreativsuli.hu\/en\/wp-json\/wp\/v2\/types\/product"}],"version-history":[{"count":0,"href":"https:\/\/szitakotokreativsuli.hu\/en\/wp-json\/wp\/v2\/product\/1764\/revisions"}],"wp:featuredmedia":[{"embeddable":true,"href":"https:\/\/szitakotokreativsuli.hu\/en\/wp-json\/wp\/v2\/media\/1765"}],"wp:attachment":[{"href":"https:\/\/szitakotokreativsuli.hu\/en\/wp-json\/wp\/v2\/media?parent=1764"}],"wp:term":[{"taxonomy":"product_brand","embeddable":true,"href":"https:\/\/szitakotokreativsuli.hu\/en\/wp-json\/wp\/v2\/product_brand?post=1764"},{"taxonomy":"product_cat","embeddable":true,"href":"https:\/\/szitakotokreativsuli.hu\/en\/wp-json\/wp\/v2\/product_cat?post=1764"},{"taxonomy":"product_tag","embeddable":true,"href":"https:\/\/szitakotokreativsuli.hu\/en\/wp-json\/wp\/v2\/product_tag?post=1764"}],"curies":[{"name":"wp","href":"https:\/\/api.w.org\/{rel}","templated":true}]}}