{"id":4564,"date":"2026-04-07T05:49:37","date_gmt":"2026-04-07T05:49:37","guid":{"rendered":"https:\/\/szitakotokreativsuli.hu\/?page_id=4564"},"modified":"2026-04-07T08:18:47","modified_gmt":"2026-04-07T08:18:47","slug":"norbi-teszt-oldal","status":"publish","type":"page","link":"https:\/\/szitakotokreativsuli.hu\/en\/norbi-teszt-oldal\/","title":{"rendered":"Norbi teszt oldal"},"content":{"rendered":"\t\t<div data-elementor-type=\"wp-page\" data-elementor-id=\"4564\" class=\"elementor elementor-4564\" data-elementor-post-type=\"page\">\n\t\t\t\t\t\t<section class=\"elementor-section elementor-top-section elementor-element elementor-element-8ebf122 elementor-section-boxed elementor-section-height-default elementor-section-height-default\" data-id=\"8ebf122\" data-element_type=\"section\" data-e-type=\"section\">\n\t\t\t\t\t\t<div class=\"elementor-container elementor-column-gap-default\">\n\t\t\t\t\t<div class=\"elementor-column elementor-col-100 elementor-top-column elementor-element elementor-element-888b185\" data-id=\"888b185\" data-element_type=\"column\" data-e-type=\"column\">\n\t\t\t<div class=\"elementor-widget-wrap elementor-element-populated\">\n\t\t\t\t\t\t<div class=\"elementor-element elementor-element-0d3f91b elementor-button-align-stretch elementor-widget elementor-widget-form\" data-id=\"0d3f91b\" data-element_type=\"widget\" data-e-type=\"widget\" data-settings=\"{&quot;step_next_label&quot;:&quot;K\\u00f6vetkez\\u0151&quot;,&quot;step_previous_label&quot;:&quot;El\\u0151z\\u0151&quot;,&quot;button_width&quot;:&quot;100&quot;,&quot;step_type&quot;:&quot;number_text&quot;,&quot;step_icon_shape&quot;:&quot;circle&quot;}\" data-widget_type=\"form.default\">\n\t\t\t\t<div class=\"elementor-widget-container\">\n\t\t\t\t\t\t\t<form class=\"elementor-form\" method=\"post\" name=\"\u00daj \u0171rlap\" aria-label=\"\u00daj \u0171rlap\">\n\t\t\t<input type=\"hidden\" name=\"post_id\" value=\"4564\"\/>\n\t\t\t<input type=\"hidden\" name=\"form_id\" value=\"0d3f91b\"\/>\n\t\t\t<input type=\"hidden\" name=\"referer_title\" value=\"Szitak\u00f6t\u0151 kreat\u00edvsuli\" \/>\n\n\t\t\t\n\t\t\t<div class=\"elementor-form-fields-wrapper elementor-labels-above\">\n\t\t\t\t\t\t\t\t<div class=\"elementor-field-type-text elementor-field-group elementor-column elementor-field-group-name elementor-col-100\">\n\t\t\t\t\t\t\t\t\t\t\t\t<label for=\"form-field-name\" class=\"elementor-field-label\">\n\t\t\t\t\t\t\t\tN\u00e9v\t\t\t\t\t\t\t<\/label>\n\t\t\t\t\t\t\t\t\t\t\t\t\t\t<input size=\"1\" type=\"text\" name=\"form_fields[name]\" id=\"form-field-name\" class=\"elementor-field elementor-size-sm  elementor-field-textual\" placeholder=\"N\u00e9v\">\n\t\t\t\t\t\t\t\t\t\t\t<\/div>\n\t\t\t\t\t\t\t\t<div class=\"elementor-field-type-email elementor-field-group elementor-column elementor-field-group-email elementor-col-100 elementor-field-required\">\n\t\t\t\t\t\t\t\t\t\t\t\t<label for=\"form-field-email\" class=\"elementor-field-label\">\n\t\t\t\t\t\t\t\tEmail\t\t\t\t\t\t\t<\/label>\n\t\t\t\t\t\t\t\t\t\t\t\t\t\t<input size=\"1\" type=\"email\" name=\"form_fields[email]\" id=\"form-field-email\" class=\"elementor-field elementor-size-sm  elementor-field-textual\" placeholder=\"Email\" required=\"required\">\n\t\t\t\t\t\t\t\t\t\t\t<\/div>\n\t\t\t\t\t\t\t\t<div class=\"elementor-field-type-textarea elementor-field-group elementor-column elementor-field-group-message elementor-col-100\">\n\t\t\t\t\t\t\t\t\t\t\t\t<label for=\"form-field-message\" class=\"elementor-field-label\">\n\t\t\t\t\t\t\t\t\u00dczenet\t\t\t\t\t\t\t<\/label>\n\t\t\t\t\t\t<textarea class=\"elementor-field-textual elementor-field  elementor-size-sm\" name=\"form_fields[message]\" id=\"form-field-message\" rows=\"4\" placeholder=\"\u00dczenet\"><\/textarea>\t\t\t\t<\/div>\n\t\t\t\t\t\t\t\t<div class=\"elementor-field-group elementor-column elementor-field-type-submit elementor-col-100 e-form__buttons\">\n\t\t\t\t\t<button class=\"elementor-button elementor-size-sm\" type=\"submit\">\n\t\t\t\t\t\t<span class=\"elementor-button-content-wrapper\">\n\t\t\t\t\t\t\t\t\t\t\t\t\t\t\t\t\t\t\t\t\t\t<span class=\"elementor-button-text\">K\u00fcld\u00e9s<\/span>\n\t\t\t\t\t\t\t\t\t\t\t\t\t<\/span>\n\t\t\t\t\t<\/button>\n\t\t\t\t<\/div>\n\t\t\t<\/div>\n\t\t<\/form>\n\t\t\t\t\t\t<\/div>\n\t\t\t\t<\/div>\n\t\t\t\t\t<\/div>\n\t\t<\/div>\n\t\t\t\t\t<\/div>\n\t\t<\/section>\n\t\t\t\t<\/div>\n\t\t","protected":false},"excerpt":{"rendered":"","protected":false},"author":1,"featured_media":0,"parent":0,"menu_order":0,"comment_status":"closed","ping_status":"closed","template":"","meta":{"site-sidebar-layout":"no-sidebar","site-content-layout":"page-builder","ast-site-content-layout":"full-width-container","site-content-style":"default","site-sidebar-style":"default","ast-global-header-display":"","ast-banner-title-visibility":"","ast-main-header-display":"","ast-hfb-above-header-display":"","ast-hfb-below-header-display":"","ast-hfb-mobile-header-display":"","site-post-title":"disabled","ast-breadcrumbs-content":"","ast-featured-img":"disabled","footer-sml-layout":"","ast-disable-related-posts":"","theme-transparent-header-meta":"","adv-header-id-meta":"","stick-header-meta":"","header-above-stick-meta":"","header-main-stick-meta":"","header-below-stick-meta":"","astra-migrate-meta-layouts":"set","ast-page-background-enabled":"default","ast-page-background-meta":{"desktop":{"background-color":"var(--ast-global-color-4)","background-image":"","background-repeat":"repeat","background-position":"center center","background-size":"auto","background-attachment":"scroll","background-type":"","background-media":"","overlay-type":"","overlay-color":"","overlay-opacity":"","overlay-gradient":""},"tablet":{"background-color":"","background-image":"","background-repeat":"repeat","background-position":"center center","background-size":"auto","background-attachment":"scroll","background-type":"","background-media":"","overlay-type":"","overlay-color":"","overlay-opacity":"","overlay-gradient":""},"mobile":{"background-color":"","background-image":"","background-repeat":"repeat","background-position":"center center","background-size":"auto","background-attachment":"scroll","background-type":"","background-media":"","overlay-type":"","overlay-color":"","overlay-opacity":"","overlay-gradient":""}},"ast-content-background-meta":{"desktop":{"background-color":"var(--ast-global-color-5)","background-image":"","background-repeat":"repeat","background-position":"center center","background-size":"auto","background-attachment":"scroll","background-type":"","background-media":"","overlay-type":"","overlay-color":"","overlay-opacity":"","overlay-gradient":""},"tablet":{"background-color":"var(--ast-global-color-5)","background-image":"","background-repeat":"repeat","background-position":"center center","background-size":"auto","background-attachment":"scroll","background-type":"","background-media":"","overlay-type":"","overlay-color":"","overlay-opacity":"","overlay-gradient":""},"mobile":{"background-color":"var(--ast-global-color-5)","background-image":"","background-repeat":"repeat","background-position":"center center","background-size":"auto","background-attachment":"scroll","background-type":"","background-media":"","overlay-type":"","overlay-color":"","overlay-opacity":"","overlay-gradient":""}},"footnotes":""},"class_list":["post-4564","page","type-page","status-publish","hentry"],"yoast_head":"<!-- This site is optimized with the Yoast SEO Premium plugin v27.2 (Yoast SEO v27.2) - https:\/\/yoast.com\/product\/yoast-seo-premium-wordpress\/ -->\n<title>Norbi teszt oldal - Szitak\u00f6t\u0151 kreat\u00edvsuli<\/title>\n<meta name=\"robots\" content=\"index, follow, max-snippet:-1, max-image-preview:large, max-video-preview:-1\" \/>\n<link rel=\"canonical\" href=\"https:\/\/szitakotokreativsuli.hu\/en\/norbi-teszt-oldal\/\" \/>\n<meta property=\"og:locale\" content=\"en_GB\" \/>\n<meta property=\"og:type\" content=\"article\" \/>\n<meta property=\"og:title\" content=\"Norbi teszt oldal\" \/>\n<meta property=\"og:url\" content=\"https:\/\/szitakotokreativsuli.hu\/en\/norbi-teszt-oldal\/\" \/>\n<meta property=\"og:site_name\" content=\"Szitak\u00f6t\u0151 kreat\u00edvsuli\" \/>\n<meta property=\"article:modified_time\" content=\"2026-04-07T08:18:47+00:00\" \/>\n<meta name=\"twitter:card\" content=\"summary_large_image\" \/>\n<meta name=\"twitter:label1\" content=\"Estimated reading time\" \/>\n\t<meta name=\"twitter:data1\" content=\"1 minute\" \/>\n<script type=\"application\/ld+json\" class=\"yoast-schema-graph\">{\"@context\":\"https:\/\/schema.org\",\"@graph\":[{\"@type\":\"WebPage\",\"@id\":\"https:\/\/szitakotokreativsuli.hu\/norbi-teszt-oldal\/\",\"url\":\"https:\/\/szitakotokreativsuli.hu\/norbi-teszt-oldal\/\",\"name\":\"Norbi teszt oldal - Szitak\u00f6t\u0151 kreat\u00edvsuli\",\"isPartOf\":{\"@id\":\"https:\/\/szitakotokreativsuli.hu\/#website\"},\"datePublished\":\"2026-04-07T05:49:37+00:00\",\"dateModified\":\"2026-04-07T08:18:47+00:00\",\"breadcrumb\":{\"@id\":\"https:\/\/szitakotokreativsuli.hu\/norbi-teszt-oldal\/#breadcrumb\"},\"inLanguage\":\"en-GB\",\"potentialAction\":[{\"@type\":\"ReadAction\",\"target\":[\"https:\/\/szitakotokreativsuli.hu\/norbi-teszt-oldal\/\"]}]},{\"@type\":\"BreadcrumbList\",\"@id\":\"https:\/\/szitakotokreativsuli.hu\/norbi-teszt-oldal\/#breadcrumb\",\"itemListElement\":[{\"@type\":\"ListItem\",\"position\":1,\"name\":\"Kezd\u0151lap\",\"item\":\"https:\/\/szitakotokreativsuli.hu\/\"},{\"@type\":\"ListItem\",\"position\":2,\"name\":\"Norbi teszt oldal\"}]},{\"@type\":\"WebSite\",\"@id\":\"https:\/\/szitakotokreativsuli.hu\/#website\",\"url\":\"https:\/\/szitakotokreativsuli.hu\/\",\"name\":\"Szitak\u00f6t\u0151 kreat\u00edvsuli\",\"description\":\"Szitak\u00f6t\u0151 kreat\u00edvsuli\",\"publisher\":{\"@id\":\"https:\/\/szitakotokreativsuli.hu\/#organization\"},\"potentialAction\":[{\"@type\":\"SearchAction\",\"target\":{\"@type\":\"EntryPoint\",\"urlTemplate\":\"https:\/\/szitakotokreativsuli.hu\/?s={search_term_string}\"},\"query-input\":{\"@type\":\"PropertyValueSpecification\",\"valueRequired\":true,\"valueName\":\"search_term_string\"}}],\"inLanguage\":\"en-GB\"},{\"@type\":\"Organization\",\"@id\":\"https:\/\/szitakotokreativsuli.hu\/#organization\",\"name\":\"Szitak\u00f6t\u0151 kreat\u00edvsuli\",\"url\":\"https:\/\/szitakotokreativsuli.hu\/\",\"logo\":{\"@type\":\"ImageObject\",\"inLanguage\":\"en-GB\",\"@id\":\"https:\/\/szitakotokreativsuli.hu\/#\/schema\/logo\/image\/\",\"url\":\"https:\/\/szitakotokreativsuli.hu\/wp-content\/uploads\/2025\/12\/cropped-cropped-Kepernyokep-2025-12-18-180542-1.png\",\"contentUrl\":\"https:\/\/szitakotokreativsuli.hu\/wp-content\/uploads\/2025\/12\/cropped-cropped-Kepernyokep-2025-12-18-180542-1.png\",\"width\":512,\"height\":512,\"caption\":\"Szitak\u00f6t\u0151 kreat\u00edvsuli\"},\"image\":{\"@id\":\"https:\/\/szitakotokreativsuli.hu\/#\/schema\/logo\/image\/\"}}]}<\/script>\n<!-- \/ Yoast SEO Premium plugin. -->","yoast_head_json":{"title":"Norbi teszt oldal - Szitak\u00f6t\u0151 kreat\u00edvsuli","robots":{"index":"index","follow":"follow","max-snippet":"max-snippet:-1","max-image-preview":"max-image-preview:large","max-video-preview":"max-video-preview:-1"},"canonical":"https:\/\/szitakotokreativsuli.hu\/en\/norbi-teszt-oldal\/","og_locale":"en_GB","og_type":"article","og_title":"Norbi teszt oldal","og_url":"https:\/\/szitakotokreativsuli.hu\/en\/norbi-teszt-oldal\/","og_site_name":"Szitak\u00f6t\u0151 kreat\u00edvsuli","article_modified_time":"2026-04-07T08:18:47+00:00","twitter_card":"summary_large_image","twitter_misc":{"Estimated reading time":"1 minute"},"schema":{"@context":"https:\/\/schema.org","@graph":[{"@type":"WebPage","@id":"https:\/\/szitakotokreativsuli.hu\/norbi-teszt-oldal\/","url":"https:\/\/szitakotokreativsuli.hu\/norbi-teszt-oldal\/","name":"Norbi teszt oldal - Szitak\u00f6t\u0151 kreat\u00edvsuli","isPartOf":{"@id":"https:\/\/szitakotokreativsuli.hu\/#website"},"datePublished":"2026-04-07T05:49:37+00:00","dateModified":"2026-04-07T08:18:47+00:00","breadcrumb":{"@id":"https:\/\/szitakotokreativsuli.hu\/norbi-teszt-oldal\/#breadcrumb"},"inLanguage":"en-GB","potentialAction":[{"@type":"ReadAction","target":["https:\/\/szitakotokreativsuli.hu\/norbi-teszt-oldal\/"]}]},{"@type":"BreadcrumbList","@id":"https:\/\/szitakotokreativsuli.hu\/norbi-teszt-oldal\/#breadcrumb","itemListElement":[{"@type":"ListItem","position":1,"name":"Kezd\u0151lap","item":"https:\/\/szitakotokreativsuli.hu\/"},{"@type":"ListItem","position":2,"name":"Norbi teszt oldal"}]},{"@type":"WebSite","@id":"https:\/\/szitakotokreativsuli.hu\/#website","url":"https:\/\/szitakotokreativsuli.hu\/","name":"Szitak\u00f6t\u0151 creative school","description":"Szitak\u00f6t\u0151 creative school","publisher":{"@id":"https:\/\/szitakotokreativsuli.hu\/#organization"},"potentialAction":[{"@type":"SearchAction","target":{"@type":"EntryPoint","urlTemplate":"https:\/\/szitakotokreativsuli.hu\/?s={search_term_string}"},"query-input":{"@type":"PropertyValueSpecification","valueRequired":true,"valueName":"search_term_string"}}],"inLanguage":"en-GB"},{"@type":"Organization","@id":"https:\/\/szitakotokreativsuli.hu\/#organization","name":"Szitak\u00f6t\u0151 creative school","url":"https:\/\/szitakotokreativsuli.hu\/","logo":{"@type":"ImageObject","inLanguage":"en-GB","@id":"https:\/\/szitakotokreativsuli.hu\/#\/schema\/logo\/image\/","url":"https:\/\/szitakotokreativsuli.hu\/wp-content\/uploads\/2025\/12\/cropped-cropped-Kepernyokep-2025-12-18-180542-1.png","contentUrl":"https:\/\/szitakotokreativsuli.hu\/wp-content\/uploads\/2025\/12\/cropped-cropped-Kepernyokep-2025-12-18-180542-1.png","width":512,"height":512,"caption":"Szitak\u00f6t\u0151 kreat\u00edvsuli"},"image":{"@id":"https:\/\/szitakotokreativsuli.hu\/#\/schema\/logo\/image\/"}}]}},"_links":{"self":[{"href":"https:\/\/szitakotokreativsuli.hu\/en\/wp-json\/wp\/v2\/pages\/4564","targetHints":{"allow":["GET"]}}],"collection":[{"href":"https:\/\/szitakotokreativsuli.hu\/en\/wp-json\/wp\/v2\/pages"}],"about":[{"href":"https:\/\/szitakotokreativsuli.hu\/en\/wp-json\/wp\/v2\/types\/page"}],"author":[{"embeddable":true,"href":"https:\/\/szitakotokreativsuli.hu\/en\/wp-json\/wp\/v2\/users\/1"}],"replies":[{"embeddable":true,"href":"https:\/\/szitakotokreativsuli.hu\/en\/wp-json\/wp\/v2\/comments?post=4564"}],"version-history":[{"count":16,"href":"https:\/\/szitakotokreativsuli.hu\/en\/wp-json\/wp\/v2\/pages\/4564\/revisions"}],"predecessor-version":[{"id":4672,"href":"https:\/\/szitakotokreativsuli.hu\/en\/wp-json\/wp\/v2\/pages\/4564\/revisions\/4672"}],"wp:attachment":[{"href":"https:\/\/szitakotokreativsuli.hu\/en\/wp-json\/wp\/v2\/media?parent=4564"}],"curies":[{"name":"wp","href":"https:\/\/api.w.org\/{rel}","templated":true}]}}