{"id":3075,"date":"2026-02-25T14:09:20","date_gmt":"2026-02-25T14:09:20","guid":{"rendered":"https:\/\/szitakotokreativsuli.hu\/?page_id=3075"},"modified":"2026-04-02T03:31:42","modified_gmt":"2026-04-02T03:31:42","slug":"halado","status":"publish","type":"page","link":"https:\/\/szitakotokreativsuli.hu\/en\/halado\/","title":{"rendered":"Halad\u00f3"},"content":{"rendered":"<div data-elementor-type=\"wp-page\" data-elementor-id=\"3075\" class=\"elementor elementor-3075\" data-elementor-post-type=\"page\">\n\t\t\t\t\t\t<section class=\"elementor-section elementor-top-section elementor-element elementor-element-3643609 elementor-section-boxed elementor-section-height-default elementor-section-height-default\" data-id=\"3643609\" data-element_type=\"section\" data-e-type=\"section\">\n\t\t\t\t\t\t<div class=\"elementor-container elementor-column-gap-default\">\n\t\t\t\t\t<div class=\"elementor-column elementor-col-100 elementor-top-column elementor-element elementor-element-90d24ae\" data-id=\"90d24ae\" data-element_type=\"column\" data-e-type=\"column\">\n\t\t\t<div class=\"elementor-widget-wrap elementor-element-populated\">\n\t\t\t\t\t\t<div class=\"elementor-element elementor-element-e945f77 elementor-widget elementor-widget-spacer\" data-id=\"e945f77\" data-element_type=\"widget\" data-e-type=\"widget\" data-widget_type=\"spacer.default\">\n\t\t\t\t<div class=\"elementor-widget-container\">\n\t\t\t\t\t\t\t<div class=\"elementor-spacer\">\n\t\t\t<div class=\"elementor-spacer-inner\"><\/div>\n\t\t<\/div>\n\t\t\t\t\t\t<\/div>\n\t\t\t\t<\/div>\n\t\t\t\t\t<\/div>\n\t\t<\/div>\n\t\t\t\t\t<\/div>\n\t\t<\/section>\n\t\t\t\t<section class=\"elementor-section elementor-top-section elementor-element elementor-element-4a7f9db elementor-section-boxed elementor-section-height-default elementor-section-height-default\" data-id=\"4a7f9db\" data-element_type=\"section\" data-e-type=\"section\">\n\t\t\t\t\t\t<div class=\"elementor-container elementor-column-gap-default\">\n\t\t\t\t\t<div class=\"elementor-column elementor-col-100 elementor-top-column elementor-element elementor-element-f22f2a6\" data-id=\"f22f2a6\" data-element_type=\"column\" data-e-type=\"column\">\n\t\t\t<div class=\"elementor-widget-wrap elementor-element-populated\">\n\t\t\t\t\t\t<div class=\"elementor-element elementor-element-50f9fa6 elementor-widget elementor-widget-icon-box\" data-id=\"50f9fa6\" data-element_type=\"widget\" data-e-type=\"widget\" data-widget_type=\"icon-box.default\">\n\t\t\t\t<div class=\"elementor-widget-container\">\n\t\t\t\t\t\t\t<div class=\"elementor-icon-box-wrapper\">\n\n\t\t\t\n\t\t\t\t\t\t<div class=\"elementor-icon-box-content\">\n\n\t\t\t\t\t\t\t\t\t<h3 class=\"elementor-icon-box-title\">\n\t\t\t\t\t\t<span  >\n\t\t\t\t\t\t\tHALAD\u00d3 TANFOLYAMOK\t\t\t\t\t\t<\/span>\n\t\t\t\t\t<\/h3>\n\t\t\t\t\n\t\t\t\t\t\t\t\t\t<p class=\"elementor-icon-box-description\">\n\t\t\t\t\t\t\n\t\t\t\t\t<\/p>\n\t\t\t\t\n\t\t\t<\/div>\n\t\t\t\n\t\t<\/div>\n\t\t\t\t\t\t<\/div>\n\t\t\t\t<\/div>\n\t\t\t\t\t<\/div>\n\t\t<\/div>\n\t\t\t\t\t<\/div>\n\t\t<\/section>\n\t\t\t\t<section class=\"elementor-section elementor-top-section elementor-element elementor-element-3f4e837 elementor-section-boxed elementor-section-height-default elementor-section-height-default\" data-id=\"3f4e837\" data-element_type=\"section\" data-e-type=\"section\">\n\t\t\t\t\t\t<div class=\"elementor-container elementor-column-gap-default\">\n\t\t\t\t\t<div class=\"elementor-column elementor-col-100 elementor-top-column elementor-element elementor-element-3956cb2\" data-id=\"3956cb2\" data-element_type=\"column\" data-e-type=\"column\">\n\t\t\t<div class=\"elementor-widget-wrap\">\n\t\t\t\t\t\t\t<\/div>\n\t\t<\/div>\n\t\t\t\t\t<\/div>\n\t\t<\/section>\n\t\t\t\t<section class=\"elementor-section elementor-top-section elementor-element elementor-element-0f86435 elementor-section-boxed elementor-section-height-default elementor-section-height-default\" data-id=\"0f86435\" data-element_type=\"section\" data-e-type=\"section\">\n\t\t\t\t\t\t<div class=\"elementor-container elementor-column-gap-default\">\n\t\t\t\t\t<div class=\"elementor-column elementor-col-33 elementor-top-column elementor-element elementor-element-62e67ac\" data-id=\"62e67ac\" data-element_type=\"column\" data-e-type=\"column\">\n\t\t\t<div class=\"elementor-widget-wrap elementor-element-populated\">\n\t\t\t\t\t\t<div class=\"elementor-element elementor-element-1b42941 elementor-widget elementor-widget-image\" data-id=\"1b42941\" data-element_type=\"widget\" data-e-type=\"widget\" data-widget_type=\"image.default\">\n\t\t\t\t<div class=\"elementor-widget-container\">\n\t\t\t\t\t\t\t\t\t\t\t\t\t\t\t\t<a href=\"https:\/\/szitakotokreativsuli.hu\/en\/halado-varrotanfolyam\/\" target=\"_blank\">\n\t\t\t\t\t\t\t<img fetchpriority=\"high\" decoding=\"async\" width=\"1021\" height=\"672\" src=\"https:\/\/szitakotokreativsuli.hu\/wp-content\/uploads\/2025\/12\/Kepernyokep-2025-12-06-124208.png\" class=\"attachment-large size-large wp-image-1508\" alt=\"Halad\u00f3 varr\u00f3tanfolyam - 70 \u00f3r\u00e1s\" srcset=\"https:\/\/szitakotokreativsuli.hu\/wp-content\/uploads\/2025\/12\/Kepernyokep-2025-12-06-124208.png 1021w, https:\/\/szitakotokreativsuli.hu\/wp-content\/uploads\/2025\/12\/Kepernyokep-2025-12-06-124208-600x395.png 600w, https:\/\/szitakotokreativsuli.hu\/wp-content\/uploads\/2025\/12\/Kepernyokep-2025-12-06-124208-300x197.png 300w, https:\/\/szitakotokreativsuli.hu\/wp-content\/uploads\/2025\/12\/Kepernyokep-2025-12-06-124208-768x505.png 768w\" sizes=\"(max-width: 1021px) 100vw, 1021px\" \/>\t\t\t\t\t\t\t\t<\/a>\n\t\t\t\t\t\t\t\t\t\t\t\t\t\t\t<\/div>\n\t\t\t\t<\/div>\n\t\t\t\t<div class=\"elementor-element elementor-element-7bea000 elementor-widget elementor-widget-text-editor\" data-id=\"7bea000\" data-element_type=\"widget\" data-e-type=\"widget\" data-widget_type=\"text-editor.default\">\n\t\t\t\t<div class=\"elementor-widget-container\">\n\t\t\t\t\t\t\t\t\t<p><a href=\"https:\/\/szitakotokreativsuli.hu\/en\/halado-varrotanfolyam\/\" target=\"_blank\" rel=\"noopener\"><b>ADVANCED SEWING COURSE<\/b><\/a><\/p><p>70 hours<\/p>\t\t\t\t\t\t\t\t<\/div>\n\t\t\t\t<\/div>\n\t\t\t\t\t<\/div>\n\t\t<\/div>\n\t\t\t\t<div class=\"elementor-column elementor-col-33 elementor-top-column elementor-element elementor-element-50532fc\" data-id=\"50532fc\" data-element_type=\"column\" data-e-type=\"column\">\n\t\t\t<div class=\"elementor-widget-wrap elementor-element-populated\">\n\t\t\t\t\t\t<div class=\"elementor-element elementor-element-7707d3e elementor-widget elementor-widget-image\" data-id=\"7707d3e\" data-element_type=\"widget\" data-e-type=\"widget\" data-widget_type=\"image.default\">\n\t\t\t\t<div class=\"elementor-widget-container\">\n\t\t\t\t\t\t\t\t\t\t\t\t\t\t\t\t<a href=\"https:\/\/szitakotokreativsuli.hu\/en\/varrd-keszre-halado\/\" target=\"_blank\">\n\t\t\t\t\t\t\t<img decoding=\"async\" width=\"1024\" height=\"683\" src=\"https:\/\/szitakotokreativsuli.hu\/wp-content\/uploads\/2025\/12\/9-1024x683.png\" class=\"attachment-large size-large wp-image-1515\" alt=\"VARRD K\u00c9SZRE!\" srcset=\"https:\/\/szitakotokreativsuli.hu\/wp-content\/uploads\/2025\/12\/9-1024x683.png 1024w, https:\/\/szitakotokreativsuli.hu\/wp-content\/uploads\/2025\/12\/9-600x400.png 600w, https:\/\/szitakotokreativsuli.hu\/wp-content\/uploads\/2025\/12\/9-300x200.png 300w, https:\/\/szitakotokreativsuli.hu\/wp-content\/uploads\/2025\/12\/9-768x512.png 768w, https:\/\/szitakotokreativsuli.hu\/wp-content\/uploads\/2025\/12\/9.png 1200w\" sizes=\"(max-width: 1024px) 100vw, 1024px\" \/>\t\t\t\t\t\t\t\t<\/a>\n\t\t\t\t\t\t\t\t\t\t\t\t\t\t\t<\/div>\n\t\t\t\t<\/div>\n\t\t\t\t<div class=\"elementor-element elementor-element-21e634c elementor-widget elementor-widget-text-editor\" data-id=\"21e634c\" data-element_type=\"widget\" data-e-type=\"widget\" data-widget_type=\"text-editor.default\">\n\t\t\t\t<div class=\"elementor-widget-container\">\n\t\t\t\t\t\t\t\t\t<p><a href=\"https:\/\/szitakotokreativsuli.hu\/en\/varrd-keszre-halado\/\" target=\"_blank\" rel=\"noopener\"><b>READY! (advanced) <\/b><\/a><\/p><p>3 hours<\/p>\t\t\t\t\t\t\t\t<\/div>\n\t\t\t\t<\/div>\n\t\t\t\t\t<\/div>\n\t\t<\/div>\n\t\t\t\t<div class=\"elementor-column elementor-col-33 elementor-top-column elementor-element elementor-element-9213cd5\" data-id=\"9213cd5\" data-element_type=\"column\" data-e-type=\"column\">\n\t\t\t<div class=\"elementor-widget-wrap elementor-element-populated\">\n\t\t\t\t\t\t<div class=\"elementor-element elementor-element-fed5e96 elementor-widget elementor-widget-image\" data-id=\"fed5e96\" data-element_type=\"widget\" data-e-type=\"widget\" data-widget_type=\"image.default\">\n\t\t\t\t<div class=\"elementor-widget-container\">\n\t\t\t\t\t\t\t\t\t\t\t\t\t\t\t\t<a href=\"https:\/\/szitakotokreativsuli.hu\/en\/varrotabor\/\" target=\"_blank\">\n\t\t\t\t\t\t\t<img decoding=\"async\" width=\"1024\" height=\"683\" src=\"https:\/\/szitakotokreativsuli.hu\/wp-content\/uploads\/2025\/12\/10-1024x683.png\" class=\"attachment-large size-large wp-image-1637\" alt=\"VARR A TINI \u2013 Varr\u00f3t\u00e1bor\" srcset=\"https:\/\/szitakotokreativsuli.hu\/wp-content\/uploads\/2025\/12\/10-1024x683.png 1024w, https:\/\/szitakotokreativsuli.hu\/wp-content\/uploads\/2025\/12\/10-600x400.png 600w, https:\/\/szitakotokreativsuli.hu\/wp-content\/uploads\/2025\/12\/10-300x200.png 300w, https:\/\/szitakotokreativsuli.hu\/wp-content\/uploads\/2025\/12\/10-768x512.png 768w, https:\/\/szitakotokreativsuli.hu\/wp-content\/uploads\/2025\/12\/10.png 1200w\" sizes=\"(max-width: 1024px) 100vw, 1024px\" \/>\t\t\t\t\t\t\t\t<\/a>\n\t\t\t\t\t\t\t\t\t\t\t\t\t\t\t<\/div>\n\t\t\t\t<\/div>\n\t\t\t\t<div class=\"elementor-element elementor-element-7df531d elementor-widget elementor-widget-text-editor\" data-id=\"7df531d\" data-element_type=\"widget\" data-e-type=\"widget\" data-widget_type=\"text-editor.default\">\n\t\t\t\t<div class=\"elementor-widget-container\">\n\t\t\t\t\t\t\t\t\t<p><a href=\"https:\/\/szitakotokreativsuli.hu\/en\/varrotabor\/\" target=\"_blank\" rel=\"noopener\" data-wplink-edit=\"true\"><b>SEWING CAMP<\/b><\/a><\/p><p>5 napos<\/p>\t\t\t\t\t\t\t\t<\/div>\n\t\t\t\t<\/div>\n\t\t\t\t\t<\/div>\n\t\t<\/div>\n\t\t\t\t\t<\/div>\n\t\t<\/section>\n\t\t\t\t<section class=\"elementor-section elementor-top-section elementor-element elementor-element-2d59ec6 elementor-section-boxed elementor-section-height-default elementor-section-height-default\" data-id=\"2d59ec6\" data-element_type=\"section\" data-e-type=\"section\">\n\t\t\t\t\t\t<div class=\"elementor-container elementor-column-gap-default\">\n\t\t\t\t\t<div class=\"elementor-column elementor-col-33 elementor-top-column elementor-element elementor-element-58dd0db\" data-id=\"58dd0db\" data-element_type=\"column\" data-e-type=\"column\">\n\t\t\t<div class=\"elementor-widget-wrap elementor-element-populated\">\n\t\t\t\t\t\t<div class=\"elementor-element elementor-element-5cb1ce8 elementor-widget elementor-widget-image\" data-id=\"5cb1ce8\" data-element_type=\"widget\" data-e-type=\"widget\" data-widget_type=\"image.default\">\n\t\t\t\t<div class=\"elementor-widget-container\">\n\t\t\t\t\t\t\t\t\t\t\t\t\t\t\t\t<a href=\"https:\/\/szitakotokreativsuli.hu\/en\/szunidei-gyerek-varroda\/\" target=\"_blank\">\n\t\t\t\t\t\t\t<img loading=\"lazy\" decoding=\"async\" width=\"1024\" height=\"683\" src=\"https:\/\/szitakotokreativsuli.hu\/wp-content\/uploads\/2025\/12\/szunidei-gyerek-varroda-1024x683.png\" class=\"attachment-large size-large wp-image-1641\" alt=\"sz\u00fcnidei gyerek varroda\" srcset=\"https:\/\/szitakotokreativsuli.hu\/wp-content\/uploads\/2025\/12\/szunidei-gyerek-varroda-1024x683.png 1024w, https:\/\/szitakotokreativsuli.hu\/wp-content\/uploads\/2025\/12\/szunidei-gyerek-varroda-600x400.png 600w, https:\/\/szitakotokreativsuli.hu\/wp-content\/uploads\/2025\/12\/szunidei-gyerek-varroda-300x200.png 300w, https:\/\/szitakotokreativsuli.hu\/wp-content\/uploads\/2025\/12\/szunidei-gyerek-varroda-768x512.png 768w, https:\/\/szitakotokreativsuli.hu\/wp-content\/uploads\/2025\/12\/szunidei-gyerek-varroda.png 1200w\" sizes=\"(max-width: 1024px) 100vw, 1024px\" \/>\t\t\t\t\t\t\t\t<\/a>\n\t\t\t\t\t\t\t\t\t\t\t\t\t\t\t<\/div>\n\t\t\t\t<\/div>\n\t\t\t\t<div class=\"elementor-element elementor-element-2e8f0e9 elementor-widget elementor-widget-text-editor\" data-id=\"2e8f0e9\" data-element_type=\"widget\" data-e-type=\"widget\" data-widget_type=\"text-editor.default\">\n\t\t\t\t<div class=\"elementor-widget-container\">\n\t\t\t\t\t\t\t\t\t<p><a href=\"https:\/\/szitakotokreativsuli.hu\/en\/szunidei-gyerek-varroda\/\" target=\"_blank\" rel=\"noopener\"><b>CHILDREN'S SEWING OFFICE DURING THE HOLIDAYS<\/b><\/a><\/p><p>7 \u00f3ra<\/p>\t\t\t\t\t\t\t\t<\/div>\n\t\t\t\t<\/div>\n\t\t\t\t\t<\/div>\n\t\t<\/div>\n\t\t\t\t<div class=\"elementor-column elementor-col-33 elementor-top-column elementor-element elementor-element-ae0e8b1\" data-id=\"ae0e8b1\" data-element_type=\"column\" data-e-type=\"column\">\n\t\t\t<div class=\"elementor-widget-wrap\">\n\t\t\t\t\t\t\t<\/div>\n\t\t<\/div>\n\t\t\t\t<div class=\"elementor-column elementor-col-33 elementor-top-column elementor-element elementor-element-c19fd4b\" data-id=\"c19fd4b\" data-element_type=\"column\" data-e-type=\"column\">\n\t\t\t<div class=\"elementor-widget-wrap\">\n\t\t\t\t\t\t\t<\/div>\n\t\t<\/div>\n\t\t\t\t\t<\/div>\n\t\t<\/section>\n\t\t\t\t<section class=\"elementor-section elementor-top-section elementor-element elementor-element-321f260 elementor-section-boxed elementor-section-height-default elementor-section-height-default\" data-id=\"321f260\" data-element_type=\"section\" data-e-type=\"section\">\n\t\t\t\t\t\t<div class=\"elementor-container elementor-column-gap-no\">\n\t\t\t\t\t<div class=\"elementor-column elementor-col-100 elementor-top-column elementor-element elementor-element-20554c4\" data-id=\"20554c4\" data-element_type=\"column\" data-e-type=\"column\">\n\t\t\t<div class=\"elementor-widget-wrap elementor-element-populated\">\n\t\t\t\t\t\t<div class=\"elementor-element elementor-element-01c26b5 elementor-align-center elementor-widget elementor-widget-button\" data-id=\"01c26b5\" data-element_type=\"widget\" data-e-type=\"widget\" data-widget_type=\"button.default\">\n\t\t\t\t<div class=\"elementor-widget-container\">\n\t\t\t\t\t\t\t\t\t<div class=\"elementor-button-wrapper\">\n\t\t\t\t\t<a class=\"elementor-button elementor-button-link elementor-size-sm\" href=\"https:\/\/szitakotokreativsuli.hu\/en\/tanfolyamok\/\" target=\"_blank\">\n\t\t\t\t\t\t<span class=\"elementor-button-content-wrapper\">\n\t\t\t\t\t\t\t\t\t<span class=\"elementor-button-text\">See all courses<\/span>\n\t\t\t\t\t<\/span>\n\t\t\t\t\t<\/a>\n\t\t\t\t<\/div>\n\t\t\t\t\t\t\t\t<\/div>\n\t\t\t\t<\/div>\n\t\t\t\t\t<\/div>\n\t\t<\/div>\n\t\t\t\t\t<\/div>\n\t\t<\/section>\n\t\t\t\t<\/div>","protected":false},"excerpt":{"rendered":"<p>HALAD\u00d3 TANFOLYAMOK HALAD\u00d3 VARR\u00d3TANFOLYAM 70 \u00f3ra VARRD K\u00c9SZRE!\u00a0 (halad\u00f3) 3 \u00f3ra VARR\u00d3 T\u00c1BOR 5 napos SZ\u00dcNIDEI GYEREK VARRODA 7 \u00f3ra N\u00e9zd meg az \u00f6sszes tanfolyamot<\/p>","protected":false},"author":2,"featured_media":3121,"parent":0,"menu_order":0,"comment_status":"closed","ping_status":"closed","template":"elementor_header_footer","meta":{"site-sidebar-layout":"no-sidebar","site-content-layout":"page-builder","ast-site-content-layout":"full-width-container","site-content-style":"unboxed","site-sidebar-style":"unboxed","ast-global-header-display":"","ast-banner-title-visibility":"","ast-main-header-display":"","ast-hfb-above-header-display":"","ast-hfb-below-header-display":"","ast-hfb-mobile-header-display":"","site-post-title":"disabled","ast-breadcrumbs-content":"","ast-featured-img":"disabled","footer-sml-layout":"","ast-disable-related-posts":"","theme-transparent-header-meta":"enabled","adv-header-id-meta":"","stick-header-meta":"","header-above-stick-meta":"","header-main-stick-meta":"","header-below-stick-meta":"","astra-migrate-meta-layouts":"set","ast-page-background-enabled":"default","ast-page-background-meta":{"desktop":{"background-color":"var(--ast-global-color-4)","background-image":"","background-repeat":"repeat","background-position":"center center","background-size":"auto","background-attachment":"scroll","background-type":"","background-media":"","overlay-type":"","overlay-color":"","overlay-opacity":"","overlay-gradient":""},"tablet":{"background-color":"","background-image":"","background-repeat":"repeat","background-position":"center center","background-size":"auto","background-attachment":"scroll","background-type":"","background-media":"","overlay-type":"","overlay-color":"","overlay-opacity":"","overlay-gradient":""},"mobile":{"background-color":"","background-image":"","background-repeat":"repeat","background-position":"center center","background-size":"auto","background-attachment":"scroll","background-type":"","background-media":"","overlay-type":"","overlay-color":"","overlay-opacity":"","overlay-gradient":""}},"ast-content-background-meta":{"desktop":{"background-color":"var(--ast-global-color-5)","background-image":"","background-repeat":"repeat","background-position":"center center","background-size":"auto","background-attachment":"scroll","background-type":"","background-media":"","overlay-type":"","overlay-color":"","overlay-opacity":"","overlay-gradient":""},"tablet":{"background-color":"var(--ast-global-color-5)","background-image":"","background-repeat":"repeat","background-position":"center center","background-size":"auto","background-attachment":"scroll","background-type":"","background-media":"","overlay-type":"","overlay-color":"","overlay-opacity":"","overlay-gradient":""},"mobile":{"background-color":"var(--ast-global-color-5)","background-image":"","background-repeat":"repeat","background-position":"center center","background-size":"auto","background-attachment":"scroll","background-type":"","background-media":"","overlay-type":"","overlay-color":"","overlay-opacity":"","overlay-gradient":""}},"footnotes":""},"class_list":["post-3075","page","type-page","status-publish","has-post-thumbnail","hentry"],"yoast_head":"<!-- This site is optimized with the Yoast SEO Premium plugin v27.2 (Yoast SEO v27.2) - https:\/\/yoast.com\/product\/yoast-seo-premium-wordpress\/ -->\n<title>Halad\u00f3 - Szitak\u00f6t\u0151 kreat\u00edvsuli<\/title>\n<meta name=\"robots\" content=\"index, follow, max-snippet:-1, max-image-preview:large, max-video-preview:-1\" \/>\n<link rel=\"canonical\" href=\"https:\/\/szitakotokreativsuli.hu\/en\/halado\/\" \/>\n<meta property=\"og:locale\" content=\"en_GB\" \/>\n<meta property=\"og:type\" content=\"article\" \/>\n<meta property=\"og:title\" content=\"Halad\u00f3\" \/>\n<meta property=\"og:description\" content=\"HALAD\u00d3 TANFOLYAMOK HALAD\u00d3 VARR\u00d3TANFOLYAM 70 \u00f3ra VARRD K\u00c9SZRE!\u00a0 (halad\u00f3) 3 \u00f3ra VARR\u00d3 T\u00c1BOR 5 napos SZ\u00dcNIDEI GYEREK VARRODA 7 \u00f3ra N\u00e9zd meg az \u00f6sszes tanfolyamot\" \/>\n<meta property=\"og:url\" content=\"https:\/\/szitakotokreativsuli.hu\/en\/halado\/\" \/>\n<meta property=\"og:site_name\" content=\"Szitak\u00f6t\u0151 kreat\u00edvsuli\" \/>\n<meta property=\"article:modified_time\" content=\"2026-04-02T03:31:42+00:00\" \/>\n<meta property=\"og:image\" content=\"https:\/\/szitakotokreativsuli.hu\/wp-content\/uploads\/2026\/02\/halado-varrotanfolyam.png\" \/>\n\t<meta property=\"og:image:width\" content=\"720\" \/>\n\t<meta property=\"og:image:height\" content=\"720\" \/>\n\t<meta property=\"og:image:type\" content=\"image\/png\" \/>\n<meta name=\"twitter:card\" content=\"summary_large_image\" \/>\n<meta name=\"twitter:label1\" content=\"Estimated reading time\" \/>\n\t<meta name=\"twitter:data1\" content=\"1 minute\" \/>\n<script type=\"application\/ld+json\" class=\"yoast-schema-graph\">{\"@context\":\"https:\/\/schema.org\",\"@graph\":[{\"@type\":\"WebPage\",\"@id\":\"https:\/\/szitakotokreativsuli.hu\/halado\/\",\"url\":\"https:\/\/szitakotokreativsuli.hu\/halado\/\",\"name\":\"Halad\u00f3 - Szitak\u00f6t\u0151 kreat\u00edvsuli\",\"isPartOf\":{\"@id\":\"https:\/\/szitakotokreativsuli.hu\/#website\"},\"primaryImageOfPage\":{\"@id\":\"https:\/\/szitakotokreativsuli.hu\/halado\/#primaryimage\"},\"image\":{\"@id\":\"https:\/\/szitakotokreativsuli.hu\/halado\/#primaryimage\"},\"thumbnailUrl\":\"https:\/\/szitakotokreativsuli.hu\/wp-content\/uploads\/2026\/02\/halado-varrotanfolyam.png\",\"datePublished\":\"2026-02-25T14:09:20+00:00\",\"dateModified\":\"2026-04-02T03:31:42+00:00\",\"breadcrumb\":{\"@id\":\"https:\/\/szitakotokreativsuli.hu\/halado\/#breadcrumb\"},\"inLanguage\":\"en-GB\",\"potentialAction\":[{\"@type\":\"ReadAction\",\"target\":[\"https:\/\/szitakotokreativsuli.hu\/halado\/\"]}]},{\"@type\":\"ImageObject\",\"inLanguage\":\"en-GB\",\"@id\":\"https:\/\/szitakotokreativsuli.hu\/halado\/#primaryimage\",\"url\":\"https:\/\/szitakotokreativsuli.hu\/wp-content\/uploads\/2026\/02\/halado-varrotanfolyam.png\",\"contentUrl\":\"https:\/\/szitakotokreativsuli.hu\/wp-content\/uploads\/2026\/02\/halado-varrotanfolyam.png\",\"width\":720,\"height\":720,\"caption\":\"halad\u00f3 varr\u00f3tanfolyam\"},{\"@type\":\"BreadcrumbList\",\"@id\":\"https:\/\/szitakotokreativsuli.hu\/halado\/#breadcrumb\",\"itemListElement\":[{\"@type\":\"ListItem\",\"position\":1,\"name\":\"Kezd\u0151lap\",\"item\":\"https:\/\/szitakotokreativsuli.hu\/\"},{\"@type\":\"ListItem\",\"position\":2,\"name\":\"Halad\u00f3\"}]},{\"@type\":\"WebSite\",\"@id\":\"https:\/\/szitakotokreativsuli.hu\/#website\",\"url\":\"https:\/\/szitakotokreativsuli.hu\/\",\"name\":\"Szitak\u00f6t\u0151 kreat\u00edvsuli\",\"description\":\"Szitak\u00f6t\u0151 kreat\u00edvsuli\",\"publisher\":{\"@id\":\"https:\/\/szitakotokreativsuli.hu\/#organization\"},\"potentialAction\":[{\"@type\":\"SearchAction\",\"target\":{\"@type\":\"EntryPoint\",\"urlTemplate\":\"https:\/\/szitakotokreativsuli.hu\/?s={search_term_string}\"},\"query-input\":{\"@type\":\"PropertyValueSpecification\",\"valueRequired\":true,\"valueName\":\"search_term_string\"}}],\"inLanguage\":\"en-GB\"},{\"@type\":\"Organization\",\"@id\":\"https:\/\/szitakotokreativsuli.hu\/#organization\",\"name\":\"Szitak\u00f6t\u0151 kreat\u00edvsuli\",\"url\":\"https:\/\/szitakotokreativsuli.hu\/\",\"logo\":{\"@type\":\"ImageObject\",\"inLanguage\":\"en-GB\",\"@id\":\"https:\/\/szitakotokreativsuli.hu\/#\/schema\/logo\/image\/\",\"url\":\"https:\/\/szitakotokreativsuli.hu\/wp-content\/uploads\/2025\/12\/cropped-cropped-Kepernyokep-2025-12-18-180542-1.png\",\"contentUrl\":\"https:\/\/szitakotokreativsuli.hu\/wp-content\/uploads\/2025\/12\/cropped-cropped-Kepernyokep-2025-12-18-180542-1.png\",\"width\":512,\"height\":512,\"caption\":\"Szitak\u00f6t\u0151 kreat\u00edvsuli\"},\"image\":{\"@id\":\"https:\/\/szitakotokreativsuli.hu\/#\/schema\/logo\/image\/\"}}]}<\/script>\n<!-- \/ Yoast SEO Premium plugin. -->","yoast_head_json":{"title":"Halad\u00f3 - Szitak\u00f6t\u0151 kreat\u00edvsuli","robots":{"index":"index","follow":"follow","max-snippet":"max-snippet:-1","max-image-preview":"max-image-preview:large","max-video-preview":"max-video-preview:-1"},"canonical":"https:\/\/szitakotokreativsuli.hu\/en\/halado\/","og_locale":"en_GB","og_type":"article","og_title":"Halad\u00f3","og_description":"HALAD\u00d3 TANFOLYAMOK HALAD\u00d3 VARR\u00d3TANFOLYAM 70 \u00f3ra VARRD K\u00c9SZRE!\u00a0 (halad\u00f3) 3 \u00f3ra VARR\u00d3 T\u00c1BOR 5 napos SZ\u00dcNIDEI GYEREK VARRODA 7 \u00f3ra N\u00e9zd meg az \u00f6sszes tanfolyamot","og_url":"https:\/\/szitakotokreativsuli.hu\/en\/halado\/","og_site_name":"Szitak\u00f6t\u0151 kreat\u00edvsuli","article_modified_time":"2026-04-02T03:31:42+00:00","og_image":[{"width":720,"height":720,"url":"https:\/\/szitakotokreativsuli.hu\/wp-content\/uploads\/2026\/02\/halado-varrotanfolyam.png","type":"image\/png"}],"twitter_card":"summary_large_image","twitter_misc":{"Estimated reading time":"1 minute"},"schema":{"@context":"https:\/\/schema.org","@graph":[{"@type":"WebPage","@id":"https:\/\/szitakotokreativsuli.hu\/halado\/","url":"https:\/\/szitakotokreativsuli.hu\/halado\/","name":"Halad\u00f3 - Szitak\u00f6t\u0151 kreat\u00edvsuli","isPartOf":{"@id":"https:\/\/szitakotokreativsuli.hu\/#website"},"primaryImageOfPage":{"@id":"https:\/\/szitakotokreativsuli.hu\/halado\/#primaryimage"},"image":{"@id":"https:\/\/szitakotokreativsuli.hu\/halado\/#primaryimage"},"thumbnailUrl":"https:\/\/szitakotokreativsuli.hu\/wp-content\/uploads\/2026\/02\/halado-varrotanfolyam.png","datePublished":"2026-02-25T14:09:20+00:00","dateModified":"2026-04-02T03:31:42+00:00","breadcrumb":{"@id":"https:\/\/szitakotokreativsuli.hu\/halado\/#breadcrumb"},"inLanguage":"en-GB","potentialAction":[{"@type":"ReadAction","target":["https:\/\/szitakotokreativsuli.hu\/halado\/"]}]},{"@type":"ImageObject","inLanguage":"en-GB","@id":"https:\/\/szitakotokreativsuli.hu\/halado\/#primaryimage","url":"https:\/\/szitakotokreativsuli.hu\/wp-content\/uploads\/2026\/02\/halado-varrotanfolyam.png","contentUrl":"https:\/\/szitakotokreativsuli.hu\/wp-content\/uploads\/2026\/02\/halado-varrotanfolyam.png","width":720,"height":720,"caption":"halad\u00f3 varr\u00f3tanfolyam"},{"@type":"BreadcrumbList","@id":"https:\/\/szitakotokreativsuli.hu\/halado\/#breadcrumb","itemListElement":[{"@type":"ListItem","position":1,"name":"Kezd\u0151lap","item":"https:\/\/szitakotokreativsuli.hu\/"},{"@type":"ListItem","position":2,"name":"Halad\u00f3"}]},{"@type":"WebSite","@id":"https:\/\/szitakotokreativsuli.hu\/#website","url":"https:\/\/szitakotokreativsuli.hu\/","name":"Szitak\u00f6t\u0151 creative school","description":"Szitak\u00f6t\u0151 creative school","publisher":{"@id":"https:\/\/szitakotokreativsuli.hu\/#organization"},"potentialAction":[{"@type":"SearchAction","target":{"@type":"EntryPoint","urlTemplate":"https:\/\/szitakotokreativsuli.hu\/?s={search_term_string}"},"query-input":{"@type":"PropertyValueSpecification","valueRequired":true,"valueName":"search_term_string"}}],"inLanguage":"en-GB"},{"@type":"Organization","@id":"https:\/\/szitakotokreativsuli.hu\/#organization","name":"Szitak\u00f6t\u0151 creative school","url":"https:\/\/szitakotokreativsuli.hu\/","logo":{"@type":"ImageObject","inLanguage":"en-GB","@id":"https:\/\/szitakotokreativsuli.hu\/#\/schema\/logo\/image\/","url":"https:\/\/szitakotokreativsuli.hu\/wp-content\/uploads\/2025\/12\/cropped-cropped-Kepernyokep-2025-12-18-180542-1.png","contentUrl":"https:\/\/szitakotokreativsuli.hu\/wp-content\/uploads\/2025\/12\/cropped-cropped-Kepernyokep-2025-12-18-180542-1.png","width":512,"height":512,"caption":"Szitak\u00f6t\u0151 kreat\u00edvsuli"},"image":{"@id":"https:\/\/szitakotokreativsuli.hu\/#\/schema\/logo\/image\/"}}]}},"_links":{"self":[{"href":"https:\/\/szitakotokreativsuli.hu\/en\/wp-json\/wp\/v2\/pages\/3075","targetHints":{"allow":["GET"]}}],"collection":[{"href":"https:\/\/szitakotokreativsuli.hu\/en\/wp-json\/wp\/v2\/pages"}],"about":[{"href":"https:\/\/szitakotokreativsuli.hu\/en\/wp-json\/wp\/v2\/types\/page"}],"author":[{"embeddable":true,"href":"https:\/\/szitakotokreativsuli.hu\/en\/wp-json\/wp\/v2\/users\/2"}],"replies":[{"embeddable":true,"href":"https:\/\/szitakotokreativsuli.hu\/en\/wp-json\/wp\/v2\/comments?post=3075"}],"version-history":[{"count":37,"href":"https:\/\/szitakotokreativsuli.hu\/en\/wp-json\/wp\/v2\/pages\/3075\/revisions"}],"predecessor-version":[{"id":4402,"href":"https:\/\/szitakotokreativsuli.hu\/en\/wp-json\/wp\/v2\/pages\/3075\/revisions\/4402"}],"wp:featuredmedia":[{"embeddable":true,"href":"https:\/\/szitakotokreativsuli.hu\/en\/wp-json\/wp\/v2\/media\/3121"}],"wp:attachment":[{"href":"https:\/\/szitakotokreativsuli.hu\/en\/wp-json\/wp\/v2\/media?parent=3075"}],"curies":[{"name":"wp","href":"https:\/\/api.w.org\/{rel}","templated":true}]}}