{"id":20,"date":"2025-12-06T11:18:45","date_gmt":"2025-12-06T11:18:45","guid":{"rendered":"https:\/\/szitakotokreativsuli.hu\/products\/"},"modified":"2026-03-04T14:20:11","modified_gmt":"2026-03-04T14:20:11","slug":"tanfolyamok","status":"publish","type":"page","link":"https:\/\/szitakotokreativsuli.hu\/en\/tanfolyamok\/","title":{"rendered":"Courses"},"content":{"rendered":"<div data-elementor-type=\"wp-page\" data-elementor-id=\"20\" class=\"elementor elementor-20\" data-elementor-post-type=\"page\">\n\t\t\t\t\t\t<section class=\"elementor-section elementor-top-section elementor-element elementor-element-213f66b elementor-section-boxed elementor-section-height-default elementor-section-height-default\" data-id=\"213f66b\" data-element_type=\"section\" data-e-type=\"section\">\n\t\t\t\t\t\t<div class=\"elementor-container elementor-column-gap-default\">\n\t\t\t\t\t<div class=\"elementor-column elementor-col-100 elementor-top-column elementor-element elementor-element-be950d0\" data-id=\"be950d0\" data-element_type=\"column\" data-e-type=\"column\">\n\t\t\t<div class=\"elementor-widget-wrap elementor-element-populated\">\n\t\t\t\t\t\t<div class=\"elementor-element elementor-element-a0adea1 elementor-widget elementor-widget-spacer\" data-id=\"a0adea1\" data-element_type=\"widget\" data-e-type=\"widget\" data-widget_type=\"spacer.default\">\n\t\t\t\t<div class=\"elementor-widget-container\">\n\t\t\t\t\t\t\t<div class=\"elementor-spacer\">\n\t\t\t<div class=\"elementor-spacer-inner\"><\/div>\n\t\t<\/div>\n\t\t\t\t\t\t<\/div>\n\t\t\t\t<\/div>\n\t\t\t\t\t<\/div>\n\t\t<\/div>\n\t\t\t\t\t<\/div>\n\t\t<\/section>\n\t\t\t\t<section class=\"elementor-section elementor-top-section elementor-element elementor-element-cca4657 elementor-section-boxed elementor-section-height-default elementor-section-height-default\" data-id=\"cca4657\" data-element_type=\"section\" data-e-type=\"section\">\n\t\t\t\t\t\t<div class=\"elementor-container elementor-column-gap-default\">\n\t\t\t\t\t<div class=\"elementor-column elementor-col-33 elementor-top-column elementor-element elementor-element-d320495\" data-id=\"d320495\" data-element_type=\"column\" data-e-type=\"column\">\n\t\t\t<div class=\"elementor-widget-wrap elementor-element-populated\">\n\t\t\t\t\t\t<div class=\"elementor-element elementor-element-9ffdec8 elementor-widget elementor-widget-image\" data-id=\"9ffdec8\" data-element_type=\"widget\" data-e-type=\"widget\" data-widget_type=\"image.default\">\n\t\t\t\t<div class=\"elementor-widget-container\">\n\t\t\t\t\t\t\t\t\t\t\t\t\t\t\t\t<a href=\"https:\/\/szitakotokreativsuli.hu\/en\/kezdo\/\" target=\"_blank\">\n\t\t\t\t\t\t\t<img fetchpriority=\"high\" decoding=\"async\" width=\"720\" height=\"720\" src=\"https:\/\/szitakotokreativsuli.hu\/wp-content\/uploads\/2026\/02\/kezdo-varrotanfolyam.png\" class=\"attachment-large size-large wp-image-3119\" alt=\"kezd\u0151 varr\u00f3tanfolyam\" srcset=\"https:\/\/szitakotokreativsuli.hu\/wp-content\/uploads\/2026\/02\/kezdo-varrotanfolyam.png 720w, https:\/\/szitakotokreativsuli.hu\/wp-content\/uploads\/2026\/02\/kezdo-varrotanfolyam-300x300.png 300w, https:\/\/szitakotokreativsuli.hu\/wp-content\/uploads\/2026\/02\/kezdo-varrotanfolyam-150x150.png 150w, https:\/\/szitakotokreativsuli.hu\/wp-content\/uploads\/2026\/02\/kezdo-varrotanfolyam-12x12.png 12w, https:\/\/szitakotokreativsuli.hu\/wp-content\/uploads\/2026\/02\/kezdo-varrotanfolyam-600x600.png 600w, https:\/\/szitakotokreativsuli.hu\/wp-content\/uploads\/2026\/02\/kezdo-varrotanfolyam-100x100.png 100w\" sizes=\"(max-width: 720px) 100vw, 720px\" \/>\t\t\t\t\t\t\t\t<\/a>\n\t\t\t\t\t\t\t\t\t\t\t\t\t\t\t<\/div>\n\t\t\t\t<\/div>\n\t\t\t\t<div class=\"elementor-element elementor-element-01d4db1 elementor-widget elementor-widget-text-editor\" data-id=\"01d4db1\" data-element_type=\"widget\" data-e-type=\"widget\" data-widget_type=\"text-editor.default\">\n\t\t\t\t<div class=\"elementor-widget-container\">\n\t\t\t\t\t\t\t\t\t<p><strong>KEZD\u0150 VAGYOK<\/strong><\/p><p>Akkor v\u00e1laszd, ha m\u00e9g sosem varrt\u00e1l varr\u00f3g\u00e9ppel.<\/p>\t\t\t\t\t\t\t\t<\/div>\n\t\t\t\t<\/div>\n\t\t\t\t<div class=\"elementor-element elementor-element-3041305 elementor-align-center elementor-widget elementor-widget-button\" data-id=\"3041305\" data-element_type=\"widget\" data-e-type=\"widget\" data-widget_type=\"button.default\">\n\t\t\t\t<div class=\"elementor-widget-container\">\n\t\t\t\t\t\t\t\t\t<div class=\"elementor-button-wrapper\">\n\t\t\t\t\t<a class=\"elementor-button elementor-button-link elementor-size-sm\" href=\"https:\/\/szitakotokreativsuli.hu\/en\/kezdo\/\" target=\"_blank\">\n\t\t\t\t\t\t<span class=\"elementor-button-content-wrapper\">\n\t\t\t\t\t\t\t\t\t<span class=\"elementor-button-text\">MEGN\u00c9ZEM<\/span>\n\t\t\t\t\t<\/span>\n\t\t\t\t\t<\/a>\n\t\t\t\t<\/div>\n\t\t\t\t\t\t\t\t<\/div>\n\t\t\t\t<\/div>\n\t\t\t\t\t<\/div>\n\t\t<\/div>\n\t\t\t\t<div class=\"elementor-column elementor-col-33 elementor-top-column elementor-element elementor-element-dbadb76\" data-id=\"dbadb76\" data-element_type=\"column\" data-e-type=\"column\">\n\t\t\t<div class=\"elementor-widget-wrap elementor-element-populated\">\n\t\t\t\t\t\t<div class=\"elementor-element elementor-element-49ad405 elementor-widget elementor-widget-image\" data-id=\"49ad405\" data-element_type=\"widget\" data-e-type=\"widget\" data-widget_type=\"image.default\">\n\t\t\t\t<div class=\"elementor-widget-container\">\n\t\t\t\t\t\t\t\t\t\t\t\t\t\t\t\t<a href=\"https:\/\/szitakotokreativsuli.hu\/en\/halado\/\" target=\"_blank\">\n\t\t\t\t\t\t\t<img decoding=\"async\" width=\"720\" height=\"720\" src=\"https:\/\/szitakotokreativsuli.hu\/wp-content\/uploads\/2026\/02\/halado-varrotanfolyam.png\" class=\"attachment-large size-large wp-image-3121\" alt=\"halad\u00f3 varr\u00f3tanfolyam\" srcset=\"https:\/\/szitakotokreativsuli.hu\/wp-content\/uploads\/2026\/02\/halado-varrotanfolyam.png 720w, https:\/\/szitakotokreativsuli.hu\/wp-content\/uploads\/2026\/02\/halado-varrotanfolyam-300x300.png 300w, https:\/\/szitakotokreativsuli.hu\/wp-content\/uploads\/2026\/02\/halado-varrotanfolyam-150x150.png 150w, https:\/\/szitakotokreativsuli.hu\/wp-content\/uploads\/2026\/02\/halado-varrotanfolyam-12x12.png 12w, https:\/\/szitakotokreativsuli.hu\/wp-content\/uploads\/2026\/02\/halado-varrotanfolyam-600x600.png 600w, https:\/\/szitakotokreativsuli.hu\/wp-content\/uploads\/2026\/02\/halado-varrotanfolyam-100x100.png 100w\" sizes=\"(max-width: 720px) 100vw, 720px\" \/>\t\t\t\t\t\t\t\t<\/a>\n\t\t\t\t\t\t\t\t\t\t\t\t\t\t\t<\/div>\n\t\t\t\t<\/div>\n\t\t\t\t<div class=\"elementor-element elementor-element-5d4437e elementor-widget elementor-widget-text-editor\" data-id=\"5d4437e\" data-element_type=\"widget\" data-e-type=\"widget\" data-widget_type=\"text-editor.default\">\n\t\t\t\t<div class=\"elementor-widget-container\">\n\t\t\t\t\t\t\t\t\t<p><strong>HALAD\u00d3 VAGYOK <\/strong><\/p><p>Ha m\u00e1r tudsz varrni varr\u00f3g\u00e9ppel, \u00e9s szintet l\u00e9pn\u00e9l.<\/p>\t\t\t\t\t\t\t\t<\/div>\n\t\t\t\t<\/div>\n\t\t\t\t<div class=\"elementor-element elementor-element-72b96cc elementor-align-center elementor-widget elementor-widget-button\" data-id=\"72b96cc\" data-element_type=\"widget\" data-e-type=\"widget\" data-widget_type=\"button.default\">\n\t\t\t\t<div class=\"elementor-widget-container\">\n\t\t\t\t\t\t\t\t\t<div class=\"elementor-button-wrapper\">\n\t\t\t\t\t<a class=\"elementor-button elementor-button-link elementor-size-sm\" href=\"https:\/\/szitakotokreativsuli.hu\/en\/halado\/\" target=\"_blank\">\n\t\t\t\t\t\t<span class=\"elementor-button-content-wrapper\">\n\t\t\t\t\t\t\t\t\t<span class=\"elementor-button-text\">MEGN\u00c9ZEM<\/span>\n\t\t\t\t\t<\/span>\n\t\t\t\t\t<\/a>\n\t\t\t\t<\/div>\n\t\t\t\t\t\t\t\t<\/div>\n\t\t\t\t<\/div>\n\t\t\t\t\t<\/div>\n\t\t<\/div>\n\t\t\t\t<div class=\"elementor-column elementor-col-33 elementor-top-column elementor-element elementor-element-6567ea9\" data-id=\"6567ea9\" data-element_type=\"column\" data-e-type=\"column\">\n\t\t\t<div class=\"elementor-widget-wrap elementor-element-populated\">\n\t\t\t\t\t\t<div class=\"elementor-element elementor-element-805c58d elementor-widget elementor-widget-image\" data-id=\"805c58d\" data-element_type=\"widget\" data-e-type=\"widget\" data-widget_type=\"image.default\">\n\t\t\t\t<div class=\"elementor-widget-container\">\n\t\t\t\t\t\t\t\t\t\t\t\t\t\t\t\t<a href=\"https:\/\/szitakotokreativsuli.hu\/en\/gyerekeknek\/\" target=\"_blank\">\n\t\t\t\t\t\t\t<img decoding=\"async\" width=\"720\" height=\"720\" src=\"https:\/\/szitakotokreativsuli.hu\/wp-content\/uploads\/2026\/02\/gyerek-taborok.png\" class=\"attachment-large size-large wp-image-3120\" alt=\"gyerek t\u00e1borok k\u00e9zm\u0171ves\" srcset=\"https:\/\/szitakotokreativsuli.hu\/wp-content\/uploads\/2026\/02\/gyerek-taborok.png 720w, https:\/\/szitakotokreativsuli.hu\/wp-content\/uploads\/2026\/02\/gyerek-taborok-300x300.png 300w, https:\/\/szitakotokreativsuli.hu\/wp-content\/uploads\/2026\/02\/gyerek-taborok-150x150.png 150w, https:\/\/szitakotokreativsuli.hu\/wp-content\/uploads\/2026\/02\/gyerek-taborok-12x12.png 12w, https:\/\/szitakotokreativsuli.hu\/wp-content\/uploads\/2026\/02\/gyerek-taborok-600x600.png 600w, https:\/\/szitakotokreativsuli.hu\/wp-content\/uploads\/2026\/02\/gyerek-taborok-100x100.png 100w\" sizes=\"(max-width: 720px) 100vw, 720px\" \/>\t\t\t\t\t\t\t\t<\/a>\n\t\t\t\t\t\t\t\t\t\t\t\t\t\t\t<\/div>\n\t\t\t\t<\/div>\n\t\t\t\t<div class=\"elementor-element elementor-element-11ada02 elementor-widget elementor-widget-text-editor\" data-id=\"11ada02\" data-element_type=\"widget\" data-e-type=\"widget\" data-widget_type=\"text-editor.default\">\n\t\t\t\t<div class=\"elementor-widget-container\">\n\t\t\t\t\t\t\t\t\t<p><strong>GYEREKEKNEK <\/strong><\/p><p>8-14 \u00e9veseknek alkot\u00f3s, j\u00e1t\u00e9kos l\u00e9gk\u00f6rben.<\/p>\t\t\t\t\t\t\t\t<\/div>\n\t\t\t\t<\/div>\n\t\t\t\t<div class=\"elementor-element elementor-element-96a03c0 elementor-align-center elementor-widget elementor-widget-button\" data-id=\"96a03c0\" data-element_type=\"widget\" data-e-type=\"widget\" data-widget_type=\"button.default\">\n\t\t\t\t<div class=\"elementor-widget-container\">\n\t\t\t\t\t\t\t\t\t<div class=\"elementor-button-wrapper\">\n\t\t\t\t\t<a class=\"elementor-button elementor-button-link elementor-size-sm\" href=\"https:\/\/szitakotokreativsuli.hu\/en\/gyerekeknek\/\" target=\"_blank\">\n\t\t\t\t\t\t<span class=\"elementor-button-content-wrapper\">\n\t\t\t\t\t\t\t\t\t<span class=\"elementor-button-text\">MEGN\u00c9ZEM<\/span>\n\t\t\t\t\t<\/span>\n\t\t\t\t\t<\/a>\n\t\t\t\t<\/div>\n\t\t\t\t\t\t\t\t<\/div>\n\t\t\t\t<\/div>\n\t\t\t\t\t<\/div>\n\t\t<\/div>\n\t\t\t\t\t<\/div>\n\t\t<\/section>\n\t\t\t\t<\/div>","protected":false},"excerpt":{"rendered":"<p>KEZD\u0150 VAGYOK Akkor v\u00e1laszd, ha m\u00e9g sosem varrt\u00e1l varr\u00f3g\u00e9ppel. MEGN\u00c9ZEM HALAD\u00d3 VAGYOK Ha m\u00e1r tudsz varrni varr\u00f3g\u00e9ppel, \u00e9s szintet l\u00e9pn\u00e9l. MEGN\u00c9ZEM GYEREKEKNEK 8-14 \u00e9veseknek alkot\u00f3s, j\u00e1t\u00e9kos l\u00e9gk\u00f6rben. MEGN\u00c9ZEM<\/p>","protected":false},"author":2,"featured_media":0,"parent":0,"menu_order":0,"comment_status":"closed","ping_status":"closed","template":"","meta":{"site-sidebar-layout":"default","site-content-layout":"","ast-site-content-layout":"default","site-content-style":"default","site-sidebar-style":"default","ast-global-header-display":"","ast-banner-title-visibility":"","ast-main-header-display":"","ast-hfb-above-header-display":"","ast-hfb-below-header-display":"","ast-hfb-mobile-header-display":"","site-post-title":"disabled","ast-breadcrumbs-content":"","ast-featured-img":"","footer-sml-layout":"","ast-disable-related-posts":"","theme-transparent-header-meta":"","adv-header-id-meta":"","stick-header-meta":"","header-above-stick-meta":"","header-main-stick-meta":"","header-below-stick-meta":"","astra-migrate-meta-layouts":"set","ast-page-background-enabled":"default","ast-page-background-meta":{"desktop":{"background-color":"var(--ast-global-color-4)","background-image":"","background-repeat":"repeat","background-position":"center center","background-size":"auto","background-attachment":"scroll","background-type":"","background-media":"","overlay-type":"","overlay-color":"","overlay-opacity":"","overlay-gradient":""},"tablet":{"background-color":"","background-image":"","background-repeat":"repeat","background-position":"center center","background-size":"auto","background-attachment":"scroll","background-type":"","background-media":"","overlay-type":"","overlay-color":"","overlay-opacity":"","overlay-gradient":""},"mobile":{"background-color":"","background-image":"","background-repeat":"repeat","background-position":"center center","background-size":"auto","background-attachment":"scroll","background-type":"","background-media":"","overlay-type":"","overlay-color":"","overlay-opacity":"","overlay-gradient":""}},"ast-content-background-meta":{"desktop":{"background-color":"var(--ast-global-color-5)","background-image":"","background-repeat":"repeat","background-position":"center center","background-size":"auto","background-attachment":"scroll","background-type":"","background-media":"","overlay-type":"","overlay-color":"","overlay-opacity":"","overlay-gradient":""},"tablet":{"background-color":"var(--ast-global-color-5)","background-image":"","background-repeat":"repeat","background-position":"center center","background-size":"auto","background-attachment":"scroll","background-type":"","background-media":"","overlay-type":"","overlay-color":"","overlay-opacity":"","overlay-gradient":""},"mobile":{"background-color":"var(--ast-global-color-5)","background-image":"","background-repeat":"repeat","background-position":"center center","background-size":"auto","background-attachment":"scroll","background-type":"","background-media":"","overlay-type":"","overlay-color":"","overlay-opacity":"","overlay-gradient":""}},"footnotes":""},"class_list":["post-20","page","type-page","status-publish","hentry"],"yoast_head":"<!-- This site is optimized with the Yoast SEO Premium plugin v27.2 (Yoast SEO v27.2) - https:\/\/yoast.com\/product\/yoast-seo-premium-wordpress\/ -->\n<title>Tanfolyamok - Szitak\u00f6t\u0151 kreat\u00edvsuli<\/title>\n<meta name=\"robots\" content=\"index, follow, max-snippet:-1, max-image-preview:large, max-video-preview:-1\" \/>\n<link rel=\"canonical\" href=\"https:\/\/szitakotokreativsuli.hu\/en\/tanfolyamok\/\" \/>\n<meta property=\"og:locale\" content=\"en_GB\" \/>\n<meta property=\"og:type\" content=\"article\" \/>\n<meta property=\"og:title\" content=\"Tanfolyamok\" \/>\n<meta property=\"og:description\" content=\"KEZD\u0150 VAGYOK Akkor v\u00e1laszd, ha m\u00e9g sosem varrt\u00e1l varr\u00f3g\u00e9ppel. MEGN\u00c9ZEM HALAD\u00d3 VAGYOK Ha m\u00e1r tudsz varrni varr\u00f3g\u00e9ppel, \u00e9s szintet l\u00e9pn\u00e9l. MEGN\u00c9ZEM GYEREKEKNEK 8-14 \u00e9veseknek alkot\u00f3s, j\u00e1t\u00e9kos l\u00e9gk\u00f6rben. MEGN\u00c9ZEM\" \/>\n<meta property=\"og:url\" content=\"https:\/\/szitakotokreativsuli.hu\/en\/tanfolyamok\/\" \/>\n<meta property=\"og:site_name\" content=\"Szitak\u00f6t\u0151 kreat\u00edvsuli\" \/>\n<meta property=\"article:modified_time\" content=\"2026-03-04T14:20:11+00:00\" \/>\n<meta property=\"og:image\" content=\"https:\/\/szitakotokreativsuli.hu\/wp-content\/uploads\/2026\/02\/kezdo-varrotanfolyam.png\" \/>\n\t<meta property=\"og:image:width\" content=\"720\" \/>\n\t<meta property=\"og:image:height\" content=\"720\" \/>\n\t<meta property=\"og:image:type\" content=\"image\/png\" \/>\n<meta name=\"twitter:card\" content=\"summary_large_image\" \/>\n<meta name=\"twitter:label1\" content=\"Estimated reading time\" \/>\n\t<meta name=\"twitter:data1\" content=\"1 minute\" \/>\n<script type=\"application\/ld+json\" class=\"yoast-schema-graph\">{\"@context\":\"https:\/\/schema.org\",\"@graph\":[{\"@type\":\"WebPage\",\"@id\":\"https:\/\/szitakotokreativsuli.hu\/tanfolyamok\/\",\"url\":\"https:\/\/szitakotokreativsuli.hu\/tanfolyamok\/\",\"name\":\"Tanfolyamok - Szitak\u00f6t\u0151 kreat\u00edvsuli\",\"isPartOf\":{\"@id\":\"https:\/\/szitakotokreativsuli.hu\/#website\"},\"primaryImageOfPage\":{\"@id\":\"https:\/\/szitakotokreativsuli.hu\/tanfolyamok\/#primaryimage\"},\"image\":{\"@id\":\"https:\/\/szitakotokreativsuli.hu\/tanfolyamok\/#primaryimage\"},\"thumbnailUrl\":\"https:\/\/szitakotokreativsuli.hu\/wp-content\/uploads\/2026\/02\/kezdo-varrotanfolyam.png\",\"datePublished\":\"2025-12-06T11:18:45+00:00\",\"dateModified\":\"2026-03-04T14:20:11+00:00\",\"breadcrumb\":{\"@id\":\"https:\/\/szitakotokreativsuli.hu\/tanfolyamok\/#breadcrumb\"},\"inLanguage\":\"en-GB\",\"potentialAction\":[{\"@type\":\"ReadAction\",\"target\":[\"https:\/\/szitakotokreativsuli.hu\/tanfolyamok\/\"]}]},{\"@type\":\"ImageObject\",\"inLanguage\":\"en-GB\",\"@id\":\"https:\/\/szitakotokreativsuli.hu\/tanfolyamok\/#primaryimage\",\"url\":\"https:\/\/szitakotokreativsuli.hu\/wp-content\/uploads\/2026\/02\/kezdo-varrotanfolyam.png\",\"contentUrl\":\"https:\/\/szitakotokreativsuli.hu\/wp-content\/uploads\/2026\/02\/kezdo-varrotanfolyam.png\"},{\"@type\":\"BreadcrumbList\",\"@id\":\"https:\/\/szitakotokreativsuli.hu\/tanfolyamok\/#breadcrumb\",\"itemListElement\":[{\"@type\":\"ListItem\",\"position\":1,\"name\":\"Kezd\u0151lap\",\"item\":\"https:\/\/szitakotokreativsuli.hu\/\"},{\"@type\":\"ListItem\",\"position\":2,\"name\":\"Tanfolyamok\"}]},{\"@type\":\"WebSite\",\"@id\":\"https:\/\/szitakotokreativsuli.hu\/#website\",\"url\":\"https:\/\/szitakotokreativsuli.hu\/\",\"name\":\"Szitak\u00f6t\u0151 kreat\u00edvsuli\",\"description\":\"Szitak\u00f6t\u0151 kreat\u00edvsuli\",\"publisher\":{\"@id\":\"https:\/\/szitakotokreativsuli.hu\/#organization\"},\"potentialAction\":[{\"@type\":\"SearchAction\",\"target\":{\"@type\":\"EntryPoint\",\"urlTemplate\":\"https:\/\/szitakotokreativsuli.hu\/?s={search_term_string}\"},\"query-input\":{\"@type\":\"PropertyValueSpecification\",\"valueRequired\":true,\"valueName\":\"search_term_string\"}}],\"inLanguage\":\"en-GB\"},{\"@type\":\"Organization\",\"@id\":\"https:\/\/szitakotokreativsuli.hu\/#organization\",\"name\":\"Szitak\u00f6t\u0151 kreat\u00edvsuli\",\"url\":\"https:\/\/szitakotokreativsuli.hu\/\",\"logo\":{\"@type\":\"ImageObject\",\"inLanguage\":\"en-GB\",\"@id\":\"https:\/\/szitakotokreativsuli.hu\/#\/schema\/logo\/image\/\",\"url\":\"https:\/\/szitakotokreativsuli.hu\/wp-content\/uploads\/2025\/12\/cropped-cropped-Kepernyokep-2025-12-18-180542-1.png\",\"contentUrl\":\"https:\/\/szitakotokreativsuli.hu\/wp-content\/uploads\/2025\/12\/cropped-cropped-Kepernyokep-2025-12-18-180542-1.png\",\"width\":512,\"height\":512,\"caption\":\"Szitak\u00f6t\u0151 kreat\u00edvsuli\"},\"image\":{\"@id\":\"https:\/\/szitakotokreativsuli.hu\/#\/schema\/logo\/image\/\"}}]}<\/script>\n<!-- \/ Yoast SEO Premium plugin. -->","yoast_head_json":{"title":"Tanfolyamok - Szitak\u00f6t\u0151 kreat\u00edvsuli","robots":{"index":"index","follow":"follow","max-snippet":"max-snippet:-1","max-image-preview":"max-image-preview:large","max-video-preview":"max-video-preview:-1"},"canonical":"https:\/\/szitakotokreativsuli.hu\/en\/tanfolyamok\/","og_locale":"en_GB","og_type":"article","og_title":"Tanfolyamok","og_description":"KEZD\u0150 VAGYOK Akkor v\u00e1laszd, ha m\u00e9g sosem varrt\u00e1l varr\u00f3g\u00e9ppel. MEGN\u00c9ZEM HALAD\u00d3 VAGYOK Ha m\u00e1r tudsz varrni varr\u00f3g\u00e9ppel, \u00e9s szintet l\u00e9pn\u00e9l. MEGN\u00c9ZEM GYEREKEKNEK 8-14 \u00e9veseknek alkot\u00f3s, j\u00e1t\u00e9kos l\u00e9gk\u00f6rben. MEGN\u00c9ZEM","og_url":"https:\/\/szitakotokreativsuli.hu\/en\/tanfolyamok\/","og_site_name":"Szitak\u00f6t\u0151 kreat\u00edvsuli","article_modified_time":"2026-03-04T14:20:11+00:00","og_image":[{"width":720,"height":720,"url":"https:\/\/szitakotokreativsuli.hu\/wp-content\/uploads\/2026\/02\/kezdo-varrotanfolyam.png","type":"image\/png"}],"twitter_card":"summary_large_image","twitter_misc":{"Estimated reading time":"1 minute"},"schema":{"@context":"https:\/\/schema.org","@graph":[{"@type":"WebPage","@id":"https:\/\/szitakotokreativsuli.hu\/tanfolyamok\/","url":"https:\/\/szitakotokreativsuli.hu\/tanfolyamok\/","name":"Tanfolyamok - Szitak\u00f6t\u0151 kreat\u00edvsuli","isPartOf":{"@id":"https:\/\/szitakotokreativsuli.hu\/#website"},"primaryImageOfPage":{"@id":"https:\/\/szitakotokreativsuli.hu\/tanfolyamok\/#primaryimage"},"image":{"@id":"https:\/\/szitakotokreativsuli.hu\/tanfolyamok\/#primaryimage"},"thumbnailUrl":"https:\/\/szitakotokreativsuli.hu\/wp-content\/uploads\/2026\/02\/kezdo-varrotanfolyam.png","datePublished":"2025-12-06T11:18:45+00:00","dateModified":"2026-03-04T14:20:11+00:00","breadcrumb":{"@id":"https:\/\/szitakotokreativsuli.hu\/tanfolyamok\/#breadcrumb"},"inLanguage":"en-GB","potentialAction":[{"@type":"ReadAction","target":["https:\/\/szitakotokreativsuli.hu\/tanfolyamok\/"]}]},{"@type":"ImageObject","inLanguage":"en-GB","@id":"https:\/\/szitakotokreativsuli.hu\/tanfolyamok\/#primaryimage","url":"https:\/\/szitakotokreativsuli.hu\/wp-content\/uploads\/2026\/02\/kezdo-varrotanfolyam.png","contentUrl":"https:\/\/szitakotokreativsuli.hu\/wp-content\/uploads\/2026\/02\/kezdo-varrotanfolyam.png"},{"@type":"BreadcrumbList","@id":"https:\/\/szitakotokreativsuli.hu\/tanfolyamok\/#breadcrumb","itemListElement":[{"@type":"ListItem","position":1,"name":"Kezd\u0151lap","item":"https:\/\/szitakotokreativsuli.hu\/"},{"@type":"ListItem","position":2,"name":"Tanfolyamok"}]},{"@type":"WebSite","@id":"https:\/\/szitakotokreativsuli.hu\/#website","url":"https:\/\/szitakotokreativsuli.hu\/","name":"Szitak\u00f6t\u0151 creative school","description":"Szitak\u00f6t\u0151 creative school","publisher":{"@id":"https:\/\/szitakotokreativsuli.hu\/#organization"},"potentialAction":[{"@type":"SearchAction","target":{"@type":"EntryPoint","urlTemplate":"https:\/\/szitakotokreativsuli.hu\/?s={search_term_string}"},"query-input":{"@type":"PropertyValueSpecification","valueRequired":true,"valueName":"search_term_string"}}],"inLanguage":"en-GB"},{"@type":"Organization","@id":"https:\/\/szitakotokreativsuli.hu\/#organization","name":"Szitak\u00f6t\u0151 creative school","url":"https:\/\/szitakotokreativsuli.hu\/","logo":{"@type":"ImageObject","inLanguage":"en-GB","@id":"https:\/\/szitakotokreativsuli.hu\/#\/schema\/logo\/image\/","url":"https:\/\/szitakotokreativsuli.hu\/wp-content\/uploads\/2025\/12\/cropped-cropped-Kepernyokep-2025-12-18-180542-1.png","contentUrl":"https:\/\/szitakotokreativsuli.hu\/wp-content\/uploads\/2025\/12\/cropped-cropped-Kepernyokep-2025-12-18-180542-1.png","width":512,"height":512,"caption":"Szitak\u00f6t\u0151 kreat\u00edvsuli"},"image":{"@id":"https:\/\/szitakotokreativsuli.hu\/#\/schema\/logo\/image\/"}}]}},"_links":{"self":[{"href":"https:\/\/szitakotokreativsuli.hu\/en\/wp-json\/wp\/v2\/pages\/20","targetHints":{"allow":["GET"]}}],"collection":[{"href":"https:\/\/szitakotokreativsuli.hu\/en\/wp-json\/wp\/v2\/pages"}],"about":[{"href":"https:\/\/szitakotokreativsuli.hu\/en\/wp-json\/wp\/v2\/types\/page"}],"author":[{"embeddable":true,"href":"https:\/\/szitakotokreativsuli.hu\/en\/wp-json\/wp\/v2\/users\/2"}],"replies":[{"embeddable":true,"href":"https:\/\/szitakotokreativsuli.hu\/en\/wp-json\/wp\/v2\/comments?post=20"}],"version-history":[{"count":121,"href":"https:\/\/szitakotokreativsuli.hu\/en\/wp-json\/wp\/v2\/pages\/20\/revisions"}],"predecessor-version":[{"id":3354,"href":"https:\/\/szitakotokreativsuli.hu\/en\/wp-json\/wp\/v2\/pages\/20\/revisions\/3354"}],"wp:attachment":[{"href":"https:\/\/szitakotokreativsuli.hu\/en\/wp-json\/wp\/v2\/media?parent=20"}],"curies":[{"name":"wp","href":"https:\/\/api.w.org\/{rel}","templated":true}]}}