{"id":15,"date":"2025-12-06T11:18:45","date_gmt":"2025-12-06T11:18:45","guid":{"rendered":"https:\/\/szitakotokreativsuli.hu\/checkout\/"},"modified":"2026-02-13T14:59:47","modified_gmt":"2026-02-13T14:59:47","slug":"penztar","status":"publish","type":"page","link":"https:\/\/szitakotokreativsuli.hu\/en\/penztar\/","title":{"rendered":"Cashier"},"content":{"rendered":"","protected":false},"excerpt":{"rendered":"","protected":false},"author":2,"featured_media":0,"parent":0,"menu_order":0,"comment_status":"closed","ping_status":"closed","template":"","meta":{"site-sidebar-layout":"default","site-content-layout":"","ast-site-content-layout":"default","site-content-style":"default","site-sidebar-style":"default","ast-global-header-display":"","ast-banner-title-visibility":"","ast-main-header-display":"","ast-hfb-above-header-display":"","ast-hfb-below-header-display":"","ast-hfb-mobile-header-display":"","site-post-title":"","ast-breadcrumbs-content":"","ast-featured-img":"","footer-sml-layout":"","ast-disable-related-posts":"","theme-transparent-header-meta":"","adv-header-id-meta":"","stick-header-meta":"","header-above-stick-meta":"","header-main-stick-meta":"","header-below-stick-meta":"","astra-migrate-meta-layouts":"default","ast-page-background-enabled":"default","ast-page-background-meta":{"desktop":{"background-color":"var(--ast-global-color-4)","background-image":"","background-repeat":"repeat","background-position":"center center","background-size":"auto","background-attachment":"scroll","background-type":"","background-media":"","overlay-type":"","overlay-color":"","overlay-opacity":"","overlay-gradient":""},"tablet":{"background-color":"","background-image":"","background-repeat":"repeat","background-position":"center center","background-size":"auto","background-attachment":"scroll","background-type":"","background-media":"","overlay-type":"","overlay-color":"","overlay-opacity":"","overlay-gradient":""},"mobile":{"background-color":"","background-image":"","background-repeat":"repeat","background-position":"center center","background-size":"auto","background-attachment":"scroll","background-type":"","background-media":"","overlay-type":"","overlay-color":"","overlay-opacity":"","overlay-gradient":""}},"ast-content-background-meta":{"desktop":{"background-color":"var(--ast-global-color-5)","background-image":"","background-repeat":"repeat","background-position":"center center","background-size":"auto","background-attachment":"scroll","background-type":"","background-media":"","overlay-type":"","overlay-color":"","overlay-opacity":"","overlay-gradient":""},"tablet":{"background-color":"var(--ast-global-color-5)","background-image":"","background-repeat":"repeat","background-position":"center center","background-size":"auto","background-attachment":"scroll","background-type":"","background-media":"","overlay-type":"","overlay-color":"","overlay-opacity":"","overlay-gradient":""},"mobile":{"background-color":"var(--ast-global-color-5)","background-image":"","background-repeat":"repeat","background-position":"center center","background-size":"auto","background-attachment":"scroll","background-type":"","background-media":"","overlay-type":"","overlay-color":"","overlay-opacity":"","overlay-gradient":""}},"footnotes":""},"class_list":["post-15","page","type-page","status-publish","hentry"],"yoast_head":"<!-- This site is optimized with the Yoast SEO Premium plugin v27.2 (Yoast SEO v27.2) - https:\/\/yoast.com\/product\/yoast-seo-premium-wordpress\/ -->\n<title>P\u00e9nzt\u00e1r - Szitak\u00f6t\u0151 kreat\u00edvsuli<\/title>\n<meta name=\"robots\" content=\"index, follow, max-snippet:-1, max-image-preview:large, max-video-preview:-1\" \/>\n<link rel=\"canonical\" href=\"https:\/\/szitakotokreativsuli.hu\/en\/penztar\/\" \/>\n<meta property=\"og:locale\" content=\"en_GB\" \/>\n<meta property=\"og:type\" content=\"article\" \/>\n<meta property=\"og:title\" content=\"P\u00e9nzt\u00e1r\" \/>\n<meta property=\"og:url\" content=\"https:\/\/szitakotokreativsuli.hu\/en\/penztar\/\" \/>\n<meta property=\"og:site_name\" content=\"Szitak\u00f6t\u0151 kreat\u00edvsuli\" \/>\n<meta property=\"article:modified_time\" content=\"2026-02-13T14:59:47+00:00\" \/>\n<meta name=\"twitter:card\" content=\"summary_large_image\" \/>\n<script type=\"application\/ld+json\" class=\"yoast-schema-graph\">{\"@context\":\"https:\/\/schema.org\",\"@graph\":[{\"@type\":\"WebPage\",\"@id\":\"https:\/\/szitakotokreativsuli.hu\/en\/penztar\/\",\"url\":\"https:\/\/szitakotokreativsuli.hu\/en\/penztar\/\",\"name\":\"P\u00e9nzt\u00e1r - Szitak\u00f6t\u0151 kreat\u00edvsuli\",\"isPartOf\":{\"@id\":\"https:\/\/szitakotokreativsuli.hu\/#website\"},\"datePublished\":\"2025-12-06T11:18:45+00:00\",\"dateModified\":\"2026-02-13T14:59:47+00:00\",\"breadcrumb\":{\"@id\":\"https:\/\/szitakotokreativsuli.hu\/en\/penztar\/#breadcrumb\"},\"inLanguage\":\"en-GB\",\"potentialAction\":[{\"@type\":\"ReadAction\",\"target\":[\"https:\/\/szitakotokreativsuli.hu\/en\/penztar\/\"]}]},{\"@type\":\"BreadcrumbList\",\"@id\":\"https:\/\/szitakotokreativsuli.hu\/en\/penztar\/#breadcrumb\",\"itemListElement\":[{\"@type\":\"ListItem\",\"position\":1,\"name\":\"Kezd\u0151lap\",\"item\":\"https:\/\/szitakotokreativsuli.hu\/\"},{\"@type\":\"ListItem\",\"position\":2,\"name\":\"P\u00e9nzt\u00e1r\"}]},{\"@type\":\"WebSite\",\"@id\":\"https:\/\/szitakotokreativsuli.hu\/#website\",\"url\":\"https:\/\/szitakotokreativsuli.hu\/\",\"name\":\"Szitak\u00f6t\u0151 kreat\u00edvsuli\",\"description\":\"Szitak\u00f6t\u0151 kreat\u00edvsuli\",\"publisher\":{\"@id\":\"https:\/\/szitakotokreativsuli.hu\/#organization\"},\"potentialAction\":[{\"@type\":\"SearchAction\",\"target\":{\"@type\":\"EntryPoint\",\"urlTemplate\":\"https:\/\/szitakotokreativsuli.hu\/?s={search_term_string}\"},\"query-input\":{\"@type\":\"PropertyValueSpecification\",\"valueRequired\":true,\"valueName\":\"search_term_string\"}}],\"inLanguage\":\"en-GB\"},{\"@type\":\"Organization\",\"@id\":\"https:\/\/szitakotokreativsuli.hu\/#organization\",\"name\":\"Szitak\u00f6t\u0151 kreat\u00edvsuli\",\"url\":\"https:\/\/szitakotokreativsuli.hu\/\",\"logo\":{\"@type\":\"ImageObject\",\"inLanguage\":\"en-GB\",\"@id\":\"https:\/\/szitakotokreativsuli.hu\/#\/schema\/logo\/image\/\",\"url\":\"https:\/\/szitakotokreativsuli.hu\/wp-content\/uploads\/2025\/12\/cropped-cropped-Kepernyokep-2025-12-18-180542-1.png\",\"contentUrl\":\"https:\/\/szitakotokreativsuli.hu\/wp-content\/uploads\/2025\/12\/cropped-cropped-Kepernyokep-2025-12-18-180542-1.png\",\"width\":512,\"height\":512,\"caption\":\"Szitak\u00f6t\u0151 kreat\u00edvsuli\"},\"image\":{\"@id\":\"https:\/\/szitakotokreativsuli.hu\/#\/schema\/logo\/image\/\"}}]}<\/script>\n<!-- \/ Yoast SEO Premium plugin. -->","yoast_head_json":{"title":"P\u00e9nzt\u00e1r - Szitak\u00f6t\u0151 kreat\u00edvsuli","robots":{"index":"index","follow":"follow","max-snippet":"max-snippet:-1","max-image-preview":"max-image-preview:large","max-video-preview":"max-video-preview:-1"},"canonical":"https:\/\/szitakotokreativsuli.hu\/en\/penztar\/","og_locale":"en_GB","og_type":"article","og_title":"P\u00e9nzt\u00e1r","og_url":"https:\/\/szitakotokreativsuli.hu\/en\/penztar\/","og_site_name":"Szitak\u00f6t\u0151 kreat\u00edvsuli","article_modified_time":"2026-02-13T14:59:47+00:00","twitter_card":"summary_large_image","schema":{"@context":"https:\/\/schema.org","@graph":[{"@type":"WebPage","@id":"https:\/\/szitakotokreativsuli.hu\/en\/penztar\/","url":"https:\/\/szitakotokreativsuli.hu\/en\/penztar\/","name":"P\u00e9nzt\u00e1r - Szitak\u00f6t\u0151 kreat\u00edvsuli","isPartOf":{"@id":"https:\/\/szitakotokreativsuli.hu\/#website"},"datePublished":"2025-12-06T11:18:45+00:00","dateModified":"2026-02-13T14:59:47+00:00","breadcrumb":{"@id":"https:\/\/szitakotokreativsuli.hu\/en\/penztar\/#breadcrumb"},"inLanguage":"en-GB","potentialAction":[{"@type":"ReadAction","target":["https:\/\/szitakotokreativsuli.hu\/en\/penztar\/"]}]},{"@type":"BreadcrumbList","@id":"https:\/\/szitakotokreativsuli.hu\/en\/penztar\/#breadcrumb","itemListElement":[{"@type":"ListItem","position":1,"name":"Kezd\u0151lap","item":"https:\/\/szitakotokreativsuli.hu\/"},{"@type":"ListItem","position":2,"name":"P\u00e9nzt\u00e1r"}]},{"@type":"WebSite","@id":"https:\/\/szitakotokreativsuli.hu\/#website","url":"https:\/\/szitakotokreativsuli.hu\/","name":"Szitak\u00f6t\u0151 creative school","description":"Szitak\u00f6t\u0151 creative school","publisher":{"@id":"https:\/\/szitakotokreativsuli.hu\/#organization"},"potentialAction":[{"@type":"SearchAction","target":{"@type":"EntryPoint","urlTemplate":"https:\/\/szitakotokreativsuli.hu\/?s={search_term_string}"},"query-input":{"@type":"PropertyValueSpecification","valueRequired":true,"valueName":"search_term_string"}}],"inLanguage":"en-GB"},{"@type":"Organization","@id":"https:\/\/szitakotokreativsuli.hu\/#organization","name":"Szitak\u00f6t\u0151 creative school","url":"https:\/\/szitakotokreativsuli.hu\/","logo":{"@type":"ImageObject","inLanguage":"en-GB","@id":"https:\/\/szitakotokreativsuli.hu\/#\/schema\/logo\/image\/","url":"https:\/\/szitakotokreativsuli.hu\/wp-content\/uploads\/2025\/12\/cropped-cropped-Kepernyokep-2025-12-18-180542-1.png","contentUrl":"https:\/\/szitakotokreativsuli.hu\/wp-content\/uploads\/2025\/12\/cropped-cropped-Kepernyokep-2025-12-18-180542-1.png","width":512,"height":512,"caption":"Szitak\u00f6t\u0151 kreat\u00edvsuli"},"image":{"@id":"https:\/\/szitakotokreativsuli.hu\/#\/schema\/logo\/image\/"}}]}},"_links":{"self":[{"href":"https:\/\/szitakotokreativsuli.hu\/en\/wp-json\/wp\/v2\/pages\/15","targetHints":{"allow":["GET"]}}],"collection":[{"href":"https:\/\/szitakotokreativsuli.hu\/en\/wp-json\/wp\/v2\/pages"}],"about":[{"href":"https:\/\/szitakotokreativsuli.hu\/en\/wp-json\/wp\/v2\/types\/page"}],"author":[{"embeddable":true,"href":"https:\/\/szitakotokreativsuli.hu\/en\/wp-json\/wp\/v2\/users\/2"}],"replies":[{"embeddable":true,"href":"https:\/\/szitakotokreativsuli.hu\/en\/wp-json\/wp\/v2\/comments?post=15"}],"version-history":[{"count":1,"href":"https:\/\/szitakotokreativsuli.hu\/en\/wp-json\/wp\/v2\/pages\/15\/revisions"}],"predecessor-version":[{"id":2783,"href":"https:\/\/szitakotokreativsuli.hu\/en\/wp-json\/wp\/v2\/pages\/15\/revisions\/2783"}],"wp:attachment":[{"href":"https:\/\/szitakotokreativsuli.hu\/en\/wp-json\/wp\/v2\/media?parent=15"}],"curies":[{"name":"wp","href":"https:\/\/api.w.org\/{rel}","templated":true}]}}